{"id":11143,"date":"2024-03-22T14:00:01","date_gmt":"2024-03-22T06:00:01","guid":{"rendered":"https:\/\/chinacncparts.com\/?post_type=product&#038;p=11143"},"modified":"2025-09-28T17:33:05","modified_gmt":"2025-09-28T09:33:05","slug":"dvoupaprskovy-co2-a-vlaknovy-laserovy-rezaci-stroj","status":"publish","type":"product","link":"https:\/\/www.accteklaser.com\/cs\/product\/double-beam-co2-and-fiber-laser-cutting-machine\/","title":{"rendered":"Dvoupaprskov\u00fd CO2 A Vl\u00e1knov\u00fd Laserov\u00fd \u0159ezac\u00ed stroj"},"content":{"rendered":"<p>Dvoupaprskov\u00fd CO2 a vl\u00e1knov\u00fd laserov\u00fd \u0159ezac\u00ed stroj je pokro\u010dil\u00fd n\u00e1stroj, kter\u00fd kombinuje v\u00fdhody CO2 a vl\u00e1knov\u00e9 laserov\u00e9 technologie.<\/p>","protected":false},"excerpt":{"rendered":"<p>Dvoupaprskov\u00fd CO2 a vl\u00e1knov\u00fd laserov\u00fd \u0159ezac\u00ed stroj je pokro\u010dil\u00fd n\u00e1stroj, kter\u00fd kombinuje v\u00fdhody CO2 a vl\u00e1knov\u00e9 laserov\u00e9 technologie.<\/p>","protected":false},"featured_media":2428,"comment_status":"open","ping_status":"closed","template":"","meta":{"_acf_changed":false},"product_brand":[],"product_cat":[99,69,105],"product_tag":[],"class_list":{"0":"post-11143","1":"product","2":"type-product","3":"status-publish","4":"has-post-thumbnail","6":"product_cat-laser-cutting-machine","7":"product_cat-akj60f-laser-cutting-machine","8":"product_cat-mixed-laser-cutting-machine","10":"first","11":"instock","12":"shipping-taxable","13":"purchasable","14":"product-type-variable"},"acf":[],"_links":{"self":[{"href":"https:\/\/www.accteklaser.com\/cs\/wp-json\/wp\/v2\/product\/11143","targetHints":{"allow":["GET"]}}],"collection":[{"href":"https:\/\/www.accteklaser.com\/cs\/wp-json\/wp\/v2\/product"}],"about":[{"href":"https:\/\/www.accteklaser.com\/cs\/wp-json\/wp\/v2\/types\/product"}],"replies":[{"embeddable":true,"href":"https:\/\/www.accteklaser.com\/cs\/wp-json\/wp\/v2\/comments?post=11143"}],"wp:featuredmedia":[{"embeddable":true,"href":"https:\/\/www.accteklaser.com\/cs\/wp-json\/wp\/v2\/media\/2428"}],"wp:attachment":[{"href":"https:\/\/www.accteklaser.com\/cs\/wp-json\/wp\/v2\/media?parent=11143"}],"wp:term":[{"taxonomy":"product_brand","embeddable":true,"href":"https:\/\/www.accteklaser.com\/cs\/wp-json\/wp\/v2\/product_brand?post=11143"},{"taxonomy":"product_cat","embeddable":true,"href":"https:\/\/www.accteklaser.com\/cs\/wp-json\/wp\/v2\/product_cat?post=11143"},{"taxonomy":"product_tag","embeddable":true,"href":"https:\/\/www.accteklaser.com\/cs\/wp-json\/wp\/v2\/product_tag?post=11143"}],"curies":[{"name":"wp","href":"https:\/\/api.w.org\/{rel}","templated":true}]}}