{"id":11191,"date":"2024-03-25T14:01:22","date_gmt":"2024-03-25T06:01:22","guid":{"rendered":"https:\/\/chinacncparts.com\/?post_type=product&#038;p=11191"},"modified":"2025-09-24T09:25:21","modified_gmt":"2025-09-24T01:25:21","slug":"co2-laserovy-rezaci-stroj-s-ccd-kamerou","status":"publish","type":"product","link":"https:\/\/www.accteklaser.com\/cs\/product\/co2-laser-cutting-machine-with-ccd-camera\/","title":{"rendered":"CO2 laser \u0159ezac\u00ed stroj s CCD kamerou"},"content":{"rendered":"<p>CO2 laserov\u00fd \u0159ezac\u00ed stroj s CCD kamerou \u0159e\u017ee a grav\u00edruje r\u016fzn\u00e9 materi\u00e1ly, CCD kamery pom\u00e1haj\u00ed CO2 laserov\u00fdm \u0159ezac\u00edm stroj\u016fm p\u0159esn\u011b vysledovat vzory nebo vzory na \u0159ezan\u00fd materi\u00e1l.<\/p>","protected":false},"excerpt":{"rendered":"<p>CO2 laserov\u00fd \u0159ezac\u00ed stroj s CCD kamerou \u0159e\u017ee a grav\u00edruje r\u016fzn\u00e9 materi\u00e1ly, CCD kamery pom\u00e1haj\u00ed CO2 laserov\u00fdm \u0159ezac\u00edm stroj\u016fm p\u0159esn\u011b vysledovat vzory nebo vzory na \u0159ezan\u00fd materi\u00e1l.<\/p>","protected":false},"featured_media":2188,"comment_status":"open","ping_status":"closed","template":"","meta":{"_acf_changed":false},"product_brand":[],"product_cat":[104,73],"product_tag":[],"class_list":{"0":"post-11191","1":"product","2":"type-product","3":"status-publish","4":"has-post-thumbnail","6":"product_cat-co2-laser-cutting-machine","7":"product_cat-co2-laser-cutting-machine-with-ccd-camera","9":"first","10":"instock","11":"shipping-taxable","12":"purchasable","13":"product-type-variable"},"acf":[],"_links":{"self":[{"href":"https:\/\/www.accteklaser.com\/cs\/wp-json\/wp\/v2\/product\/11191","targetHints":{"allow":["GET"]}}],"collection":[{"href":"https:\/\/www.accteklaser.com\/cs\/wp-json\/wp\/v2\/product"}],"about":[{"href":"https:\/\/www.accteklaser.com\/cs\/wp-json\/wp\/v2\/types\/product"}],"replies":[{"embeddable":true,"href":"https:\/\/www.accteklaser.com\/cs\/wp-json\/wp\/v2\/comments?post=11191"}],"wp:featuredmedia":[{"embeddable":true,"href":"https:\/\/www.accteklaser.com\/cs\/wp-json\/wp\/v2\/media\/2188"}],"wp:attachment":[{"href":"https:\/\/www.accteklaser.com\/cs\/wp-json\/wp\/v2\/media?parent=11191"}],"wp:term":[{"taxonomy":"product_brand","embeddable":true,"href":"https:\/\/www.accteklaser.com\/cs\/wp-json\/wp\/v2\/product_brand?post=11191"},{"taxonomy":"product_cat","embeddable":true,"href":"https:\/\/www.accteklaser.com\/cs\/wp-json\/wp\/v2\/product_cat?post=11191"},{"taxonomy":"product_tag","embeddable":true,"href":"https:\/\/www.accteklaser.com\/cs\/wp-json\/wp\/v2\/product_tag?post=11191"}],"curies":[{"name":"wp","href":"https:\/\/api.w.org\/{rel}","templated":true}]}}