{"id":11363,"date":"2024-03-28T15:58:31","date_gmt":"2024-03-28T07:58:31","guid":{"rendered":"https:\/\/chinacncparts.com\/?post_type=product&#038;p=11363"},"modified":"2025-11-28T14:28:05","modified_gmt":"2025-11-28T06:28:05","slug":"laserovy-svarovaci-robot","status":"publish","type":"product","link":"https:\/\/www.accteklaser.com\/cs\/product\/laser-welding-robot\/","title":{"rendered":"Laserov\u00fd sva\u0159ovac\u00ed robot"},"content":{"rendered":"<p>Laserov\u00fd sva\u0159ovac\u00ed robot je robotick\u00fd syst\u00e9m vybaven\u00fd laserov\u00fdm gener\u00e1torem a vyhrazen\u00fdm softwarem ur\u010den\u00fdm k prov\u00e1d\u011bn\u00ed sva\u0159ovac\u00edch operac\u00ed na r\u016fzn\u00fdch materi\u00e1lech.<\/p>","protected":false},"excerpt":{"rendered":"<p>Laserov\u00fd sva\u0159ovac\u00ed robot je robotick\u00fd syst\u00e9m vybaven\u00fd laserov\u00fdm gener\u00e1torem a vyhrazen\u00fdm softwarem ur\u010den\u00fdm k prov\u00e1d\u011bn\u00ed sva\u0159ovac\u00edch operac\u00ed na r\u016fzn\u00fdch materi\u00e1lech.<\/p>","protected":false},"featured_media":30586,"comment_status":"open","ping_status":"closed","template":"","meta":{"_acf_changed":false},"product_brand":[],"product_cat":[102,79],"product_tag":[],"class_list":{"0":"post-11363","1":"product","2":"type-product","3":"status-publish","4":"has-post-thumbnail","6":"product_cat-laser-welding-machine","7":"product_cat-5-laser-welding-machine","9":"first","10":"instock","11":"shipping-taxable","12":"purchasable","13":"product-type-variable"},"acf":[],"_links":{"self":[{"href":"https:\/\/www.accteklaser.com\/cs\/wp-json\/wp\/v2\/product\/11363","targetHints":{"allow":["GET"]}}],"collection":[{"href":"https:\/\/www.accteklaser.com\/cs\/wp-json\/wp\/v2\/product"}],"about":[{"href":"https:\/\/www.accteklaser.com\/cs\/wp-json\/wp\/v2\/types\/product"}],"replies":[{"embeddable":true,"href":"https:\/\/www.accteklaser.com\/cs\/wp-json\/wp\/v2\/comments?post=11363"}],"wp:featuredmedia":[{"embeddable":true,"href":"https:\/\/www.accteklaser.com\/cs\/wp-json\/wp\/v2\/media\/30586"}],"wp:attachment":[{"href":"https:\/\/www.accteklaser.com\/cs\/wp-json\/wp\/v2\/media?parent=11363"}],"wp:term":[{"taxonomy":"product_brand","embeddable":true,"href":"https:\/\/www.accteklaser.com\/cs\/wp-json\/wp\/v2\/product_brand?post=11363"},{"taxonomy":"product_cat","embeddable":true,"href":"https:\/\/www.accteklaser.com\/cs\/wp-json\/wp\/v2\/product_cat?post=11363"},{"taxonomy":"product_tag","embeddable":true,"href":"https:\/\/www.accteklaser.com\/cs\/wp-json\/wp\/v2\/product_tag?post=11363"}],"curies":[{"name":"wp","href":"https:\/\/api.w.org\/{rel}","templated":true}]}}