{"id":11692,"date":"2024-04-08T14:22:36","date_gmt":"2024-04-08T06:22:36","guid":{"rendered":"https:\/\/chinacncparts.com\/?post_type=product&#038;p=11692"},"modified":"2025-09-29T09:09:16","modified_gmt":"2025-09-29T01:09:16","slug":"30kw-laserovy-rezaci-stroj","status":"publish","type":"product","link":"https:\/\/www.accteklaser.com\/cs\/product\/30kw-laser-cutting-machine\/","title":{"rendered":"30KW laserov\u00fd \u0159ezac\u00ed stroj"},"content":{"rendered":"<p>30kw laserov\u00fd \u0159ezac\u00ed stroj je v\u00fdkonn\u00fd pr\u016fmyslov\u00fd \u0159ezac\u00ed n\u00e1stroj, kter\u00fd vyu\u017e\u00edv\u00e1 vysoce intenzivn\u00ed laserov\u00e9 paprsky k \u0159ez\u00e1n\u00ed siln\u00fdch nebo hust\u00fdch materi\u00e1l\u016f, jako je ocel, hlin\u00edk a dal\u0161\u00ed kovy.<\/p>","protected":false},"excerpt":{"rendered":"<p>30kw laserov\u00fd \u0159ezac\u00ed stroj je v\u00fdkonn\u00fd pr\u016fmyslov\u00fd \u0159ezac\u00ed n\u00e1stroj, kter\u00fd vyu\u017e\u00edv\u00e1 vysoce intenzivn\u00ed laserov\u00e9 paprsky k \u0159ez\u00e1n\u00ed siln\u00fdch nebo hust\u00fdch materi\u00e1l\u016f, jako je ocel, hlin\u00edk a dal\u0161\u00ed kovy.<\/p>","protected":false},"featured_media":4825,"comment_status":"open","ping_status":"closed","template":"","meta":{"_acf_changed":false},"product_brand":[],"product_cat":[99,89],"product_tag":[],"class_list":{"0":"post-11692","1":"product","2":"type-product","3":"status-publish","4":"has-post-thumbnail","6":"product_cat-laser-cutting-machine","7":"product_cat-laser-cutting-machine-power","9":"first","10":"instock","11":"shipping-taxable","12":"purchasable","13":"product-type-variable"},"acf":[],"_links":{"self":[{"href":"https:\/\/www.accteklaser.com\/cs\/wp-json\/wp\/v2\/product\/11692","targetHints":{"allow":["GET"]}}],"collection":[{"href":"https:\/\/www.accteklaser.com\/cs\/wp-json\/wp\/v2\/product"}],"about":[{"href":"https:\/\/www.accteklaser.com\/cs\/wp-json\/wp\/v2\/types\/product"}],"replies":[{"embeddable":true,"href":"https:\/\/www.accteklaser.com\/cs\/wp-json\/wp\/v2\/comments?post=11692"}],"wp:featuredmedia":[{"embeddable":true,"href":"https:\/\/www.accteklaser.com\/cs\/wp-json\/wp\/v2\/media\/4825"}],"wp:attachment":[{"href":"https:\/\/www.accteklaser.com\/cs\/wp-json\/wp\/v2\/media?parent=11692"}],"wp:term":[{"taxonomy":"product_brand","embeddable":true,"href":"https:\/\/www.accteklaser.com\/cs\/wp-json\/wp\/v2\/product_brand?post=11692"},{"taxonomy":"product_cat","embeddable":true,"href":"https:\/\/www.accteklaser.com\/cs\/wp-json\/wp\/v2\/product_cat?post=11692"},{"taxonomy":"product_tag","embeddable":true,"href":"https:\/\/www.accteklaser.com\/cs\/wp-json\/wp\/v2\/product_tag?post=11692"}],"curies":[{"name":"wp","href":"https:\/\/api.w.org\/{rel}","templated":true}]}}