{"id":11786,"date":"2024-04-10T15:19:57","date_gmt":"2024-04-10T07:19:57","guid":{"rendered":"https:\/\/chinacncparts.com\/?post_type=product&#038;p=11786"},"modified":"2026-01-08T16:53:57","modified_gmt":"2026-01-08T08:53:57","slug":"1000w-laserovy-cistici-stroj","status":"publish","type":"product","link":"https:\/\/www.accteklaser.com\/cs\/product\/1000w-laser-cleaning-machine\/","title":{"rendered":"1000W laserov\u00fd \u010distic\u00ed stroj"},"content":{"rendered":"<p>Laserov\u00fd \u010distic\u00ed stroj 1000W ozna\u010duje laserov\u00fd \u010distic\u00ed syst\u00e9m s v\u00fdstupn\u00edm v\u00fdkonem 1000W. Vyu\u017e\u00edv\u00e1 vysoce v\u00fdkonn\u00e9 lasery k odstran\u011bn\u00ed ne\u010distot, povlak\u016f, rzi nebo jin\u00fdch ne\u017e\u00e1douc\u00edch materi\u00e1l\u016f z povrch\u016f.<\/p>","protected":false},"excerpt":{"rendered":"<p>Laserov\u00fd \u010distic\u00ed stroj 1000W ozna\u010duje laserov\u00fd \u010distic\u00ed syst\u00e9m s v\u00fdstupn\u00edm v\u00fdkonem 1000W. Vyu\u017e\u00edv\u00e1 vysoce v\u00fdkonn\u00e9 lasery k odstran\u011bn\u00ed ne\u010distot, povlak\u016f, rzi nebo jin\u00fdch ne\u017e\u00e1douc\u00edch materi\u00e1l\u016f z povrch\u016f.<\/p>","protected":false},"featured_media":5122,"comment_status":"open","ping_status":"closed","template":"","meta":{"_acf_changed":false},"product_brand":[],"product_cat":[100,92],"product_tag":[],"class_list":{"0":"post-11786","1":"product","2":"type-product","3":"status-publish","4":"has-post-thumbnail","6":"product_cat-laser-cleaning-machine","7":"product_cat-laser-cleaning-machine-power","9":"first","10":"onbackorder","11":"shipping-taxable","12":"purchasable","13":"product-type-variable"},"acf":[],"_links":{"self":[{"href":"https:\/\/www.accteklaser.com\/cs\/wp-json\/wp\/v2\/product\/11786","targetHints":{"allow":["GET"]}}],"collection":[{"href":"https:\/\/www.accteklaser.com\/cs\/wp-json\/wp\/v2\/product"}],"about":[{"href":"https:\/\/www.accteklaser.com\/cs\/wp-json\/wp\/v2\/types\/product"}],"replies":[{"embeddable":true,"href":"https:\/\/www.accteklaser.com\/cs\/wp-json\/wp\/v2\/comments?post=11786"}],"wp:featuredmedia":[{"embeddable":true,"href":"https:\/\/www.accteklaser.com\/cs\/wp-json\/wp\/v2\/media\/5122"}],"wp:attachment":[{"href":"https:\/\/www.accteklaser.com\/cs\/wp-json\/wp\/v2\/media?parent=11786"}],"wp:term":[{"taxonomy":"product_brand","embeddable":true,"href":"https:\/\/www.accteklaser.com\/cs\/wp-json\/wp\/v2\/product_brand?post=11786"},{"taxonomy":"product_cat","embeddable":true,"href":"https:\/\/www.accteklaser.com\/cs\/wp-json\/wp\/v2\/product_cat?post=11786"},{"taxonomy":"product_tag","embeddable":true,"href":"https:\/\/www.accteklaser.com\/cs\/wp-json\/wp\/v2\/product_tag?post=11786"}],"curies":[{"name":"wp","href":"https:\/\/api.w.org\/{rel}","templated":true}]}}