{"id":11839,"date":"2024-04-12T10:43:10","date_gmt":"2024-04-12T02:43:10","guid":{"rendered":"https:\/\/chinacncparts.com\/?post_type=product&#038;p=11839"},"modified":"2025-09-24T16:51:43","modified_gmt":"2025-09-24T08:51:43","slug":"100w-pulzni-laserovy-cistici-stroj","status":"publish","type":"product","link":"https:\/\/www.accteklaser.com\/cs\/product\/100w-pulse-laser-cleaning-machine\/","title":{"rendered":"100W pulzn\u00ed laserov\u00fd \u010distic\u00ed stroj"},"content":{"rendered":"<p>100w pulzn\u00ed laserov\u00fd \u010distic\u00ed stroj je za\u0159\u00edzen\u00ed, kter\u00e9 vyu\u017e\u00edv\u00e1 technologii pulzn\u00edho laseru k odstran\u011bn\u00ed povrchov\u00fdch ne\u010distot, jako je rez, barva, olej a dal\u0161\u00ed ne\u017e\u00e1douc\u00ed l\u00e1tky.<\/p>","protected":false},"excerpt":{"rendered":"<p>100w pulzn\u00ed laserov\u00fd \u010distic\u00ed stroj je za\u0159\u00edzen\u00ed, kter\u00e9 vyu\u017e\u00edv\u00e1 technologii pulzn\u00edho laseru k odstran\u011bn\u00ed povrchov\u00fdch ne\u010distot, jako je rez, barva, olej a dal\u0161\u00ed ne\u017e\u00e1douc\u00ed l\u00e1tky.<\/p>","protected":false},"featured_media":4897,"comment_status":"open","ping_status":"closed","template":"","meta":{"_acf_changed":false},"product_brand":[],"product_cat":[100,92],"product_tag":[],"class_list":{"0":"post-11839","1":"product","2":"type-product","3":"status-publish","4":"has-post-thumbnail","6":"product_cat-laser-cleaning-machine","7":"product_cat-laser-cleaning-machine-power","9":"first","10":"instock","11":"shipping-taxable","12":"purchasable","13":"product-type-variable"},"acf":[],"_links":{"self":[{"href":"https:\/\/www.accteklaser.com\/cs\/wp-json\/wp\/v2\/product\/11839","targetHints":{"allow":["GET"]}}],"collection":[{"href":"https:\/\/www.accteklaser.com\/cs\/wp-json\/wp\/v2\/product"}],"about":[{"href":"https:\/\/www.accteklaser.com\/cs\/wp-json\/wp\/v2\/types\/product"}],"replies":[{"embeddable":true,"href":"https:\/\/www.accteklaser.com\/cs\/wp-json\/wp\/v2\/comments?post=11839"}],"wp:featuredmedia":[{"embeddable":true,"href":"https:\/\/www.accteklaser.com\/cs\/wp-json\/wp\/v2\/media\/4897"}],"wp:attachment":[{"href":"https:\/\/www.accteklaser.com\/cs\/wp-json\/wp\/v2\/media?parent=11839"}],"wp:term":[{"taxonomy":"product_brand","embeddable":true,"href":"https:\/\/www.accteklaser.com\/cs\/wp-json\/wp\/v2\/product_brand?post=11839"},{"taxonomy":"product_cat","embeddable":true,"href":"https:\/\/www.accteklaser.com\/cs\/wp-json\/wp\/v2\/product_cat?post=11839"},{"taxonomy":"product_tag","embeddable":true,"href":"https:\/\/www.accteklaser.com\/cs\/wp-json\/wp\/v2\/product_tag?post=11839"}],"curies":[{"name":"wp","href":"https:\/\/api.w.org\/{rel}","templated":true}]}}