{"id":11862,"date":"2024-04-12T16:15:00","date_gmt":"2024-04-12T08:15:00","guid":{"rendered":"https:\/\/chinacncparts.com\/?post_type=product&#038;p=11862"},"modified":"2026-04-10T09:31:00","modified_gmt":"2026-04-10T01:31:00","slug":"500w-pulzni-laserovy-cistici-stroj","status":"publish","type":"product","link":"https:\/\/www.accteklaser.com\/cs\/product\/500w-pulse-laser-cleaning-machine\/","title":{"rendered":"500W pulzn\u00ed laserov\u00fd \u010distic\u00ed stroj"},"content":{"rendered":"<p>500w pulzn\u00ed laserov\u00fd \u010distic\u00ed stroj je laserov\u00fd syst\u00e9m schopn\u00fd poskytovat 500w laserov\u00fd v\u00fdkon. K odstran\u011bn\u00ed ne\u010distot z povrch\u016f vyu\u017e\u00edv\u00e1 vysoce intenzivn\u00ed laserov\u00fd paprsek.<\/p>","protected":false},"excerpt":{"rendered":"<p>500w pulzn\u00ed laserov\u00fd \u010distic\u00ed stroj je laserov\u00fd syst\u00e9m schopn\u00fd poskytovat 500w laserov\u00fd v\u00fdkon. K odstran\u011bn\u00ed ne\u010distot z povrch\u016f vyu\u017e\u00edv\u00e1 vysoce intenzivn\u00ed laserov\u00fd paprsek.<\/p>","protected":false},"featured_media":29900,"comment_status":"open","ping_status":"closed","template":"","meta":{"_acf_changed":false},"product_brand":[],"product_cat":[100,92],"product_tag":[],"class_list":{"0":"post-11862","1":"product","2":"type-product","3":"status-publish","4":"has-post-thumbnail","6":"product_cat-laser-cleaning-machine","7":"product_cat-laser-cleaning-machine-power","9":"first","10":"instock","11":"shipping-taxable","12":"purchasable","13":"product-type-variable"},"acf":[],"_links":{"self":[{"href":"https:\/\/www.accteklaser.com\/cs\/wp-json\/wp\/v2\/product\/11862","targetHints":{"allow":["GET"]}}],"collection":[{"href":"https:\/\/www.accteklaser.com\/cs\/wp-json\/wp\/v2\/product"}],"about":[{"href":"https:\/\/www.accteklaser.com\/cs\/wp-json\/wp\/v2\/types\/product"}],"replies":[{"embeddable":true,"href":"https:\/\/www.accteklaser.com\/cs\/wp-json\/wp\/v2\/comments?post=11862"}],"wp:featuredmedia":[{"embeddable":true,"href":"https:\/\/www.accteklaser.com\/cs\/wp-json\/wp\/v2\/media\/29900"}],"wp:attachment":[{"href":"https:\/\/www.accteklaser.com\/cs\/wp-json\/wp\/v2\/media?parent=11862"}],"wp:term":[{"taxonomy":"product_brand","embeddable":true,"href":"https:\/\/www.accteklaser.com\/cs\/wp-json\/wp\/v2\/product_brand?post=11862"},{"taxonomy":"product_cat","embeddable":true,"href":"https:\/\/www.accteklaser.com\/cs\/wp-json\/wp\/v2\/product_cat?post=11862"},{"taxonomy":"product_tag","embeddable":true,"href":"https:\/\/www.accteklaser.com\/cs\/wp-json\/wp\/v2\/product_tag?post=11862"}],"curies":[{"name":"wp","href":"https:\/\/api.w.org\/{rel}","templated":true}]}}