{"id":11892,"date":"2024-04-18T09:50:35","date_gmt":"2024-04-18T01:50:35","guid":{"rendered":"https:\/\/chinacncparts.com\/?post_type=product&#038;p=11892"},"modified":"2025-09-25T11:47:47","modified_gmt":"2025-09-25T03:47:47","slug":"laserovy-svarovaci-stroj-z-nerezove-oceli","status":"publish","type":"product","link":"https:\/\/www.accteklaser.com\/cs\/product\/stainless-steel-laser-welding-machine\/","title":{"rendered":"Laserov\u00fd sva\u0159ovac\u00ed stroj z nerezov\u00e9 oceli"},"content":{"rendered":"<p>Nerezov\u00e9 laserov\u00e9 sva\u0159ovac\u00ed stroje dok\u00e1\u017eou p\u0159esn\u011b \u0159\u00eddit laserov\u00fd paprsek, v\u00fdsledkem \u010deho\u017e jsou vysoce kvalitn\u00ed svary s minim\u00e1ln\u00ed mo\u017enost\u00ed deformace, zm\u011bny barvy a defekt\u016f.<\/p>","protected":false},"excerpt":{"rendered":"<p>Nerezov\u00e9 laserov\u00e9 sva\u0159ovac\u00ed stroje dok\u00e1\u017eou p\u0159esn\u011b \u0159\u00eddit laserov\u00fd paprsek, v\u00fdsledkem \u010deho\u017e jsou vysoce kvalitn\u00ed svary s minim\u00e1ln\u00ed mo\u017enost\u00ed deformace, zm\u011bny barvy a defekt\u016f.<\/p>","protected":false},"featured_media":30575,"comment_status":"open","ping_status":"closed","template":"","meta":{"_acf_changed":false},"product_brand":[],"product_cat":[102,93],"product_tag":[],"class_list":{"0":"post-11892","1":"product","2":"type-product","3":"status-publish","4":"has-post-thumbnail","6":"product_cat-laser-welding-machine","7":"product_cat-laser-welding-machine-material","9":"first","10":"instock","11":"shipping-taxable","12":"purchasable","13":"product-type-variable"},"acf":[],"_links":{"self":[{"href":"https:\/\/www.accteklaser.com\/cs\/wp-json\/wp\/v2\/product\/11892","targetHints":{"allow":["GET"]}}],"collection":[{"href":"https:\/\/www.accteklaser.com\/cs\/wp-json\/wp\/v2\/product"}],"about":[{"href":"https:\/\/www.accteklaser.com\/cs\/wp-json\/wp\/v2\/types\/product"}],"replies":[{"embeddable":true,"href":"https:\/\/www.accteklaser.com\/cs\/wp-json\/wp\/v2\/comments?post=11892"}],"wp:featuredmedia":[{"embeddable":true,"href":"https:\/\/www.accteklaser.com\/cs\/wp-json\/wp\/v2\/media\/30575"}],"wp:attachment":[{"href":"https:\/\/www.accteklaser.com\/cs\/wp-json\/wp\/v2\/media?parent=11892"}],"wp:term":[{"taxonomy":"product_brand","embeddable":true,"href":"https:\/\/www.accteklaser.com\/cs\/wp-json\/wp\/v2\/product_brand?post=11892"},{"taxonomy":"product_cat","embeddable":true,"href":"https:\/\/www.accteklaser.com\/cs\/wp-json\/wp\/v2\/product_cat?post=11892"},{"taxonomy":"product_tag","embeddable":true,"href":"https:\/\/www.accteklaser.com\/cs\/wp-json\/wp\/v2\/product_tag?post=11892"}],"curies":[{"name":"wp","href":"https:\/\/api.w.org\/{rel}","templated":true}]}}