{"id":11899,"date":"2024-04-18T17:00:31","date_gmt":"2024-04-18T09:00:31","guid":{"rendered":"https:\/\/chinacncparts.com\/?post_type=product&#038;p=11899"},"modified":"2026-03-06T09:23:23","modified_gmt":"2026-03-06T01:23:23","slug":"mosazny-laserovy-svarovaci-stroj","status":"publish","type":"product","link":"https:\/\/www.accteklaser.com\/cs\/product\/brass-laser-welding-machine\/","title":{"rendered":"Mosazn\u00e1 laserov\u00e1 sv\u00e1\u0159e\u010dka"},"content":{"rendered":"<p>Mosazn\u00fd laserov\u00fd sva\u0159ovac\u00ed stroj je speci\u00e1ln\u00ed sva\u0159ovac\u00ed n\u00e1stroj, kter\u00fd vyu\u017e\u00edv\u00e1 laserovou technologii ke spojov\u00e1n\u00ed mosazn\u00fdch d\u00edl\u016f dohromady. Upravuje nastaven\u00ed sva\u0159ov\u00e1n\u00ed na z\u00e1klad\u011b vlastnost\u00ed materi\u00e1lu pro optimalizaci sva\u0159ovac\u00edho procesu.<\/p>","protected":false},"excerpt":{"rendered":"<p>Mosazn\u00fd laserov\u00fd sva\u0159ovac\u00ed stroj je speci\u00e1ln\u00ed sva\u0159ovac\u00ed n\u00e1stroj, kter\u00fd vyu\u017e\u00edv\u00e1 laserovou technologii ke spojov\u00e1n\u00ed mosazn\u00fdch d\u00edl\u016f dohromady. Upravuje nastaven\u00ed sva\u0159ov\u00e1n\u00ed na z\u00e1klad\u011b vlastnost\u00ed materi\u00e1lu pro optimalizaci sva\u0159ovac\u00edho procesu.<\/p>","protected":false},"featured_media":30575,"comment_status":"open","ping_status":"closed","template":"","meta":{"_acf_changed":false},"product_brand":[],"product_cat":[102,93],"product_tag":[],"class_list":{"0":"post-11899","1":"product","2":"type-product","3":"status-publish","4":"has-post-thumbnail","6":"product_cat-laser-welding-machine","7":"product_cat-laser-welding-machine-material","9":"first","10":"instock","11":"shipping-taxable","12":"purchasable","13":"product-type-variable"},"acf":[],"_links":{"self":[{"href":"https:\/\/www.accteklaser.com\/cs\/wp-json\/wp\/v2\/product\/11899","targetHints":{"allow":["GET"]}}],"collection":[{"href":"https:\/\/www.accteklaser.com\/cs\/wp-json\/wp\/v2\/product"}],"about":[{"href":"https:\/\/www.accteklaser.com\/cs\/wp-json\/wp\/v2\/types\/product"}],"replies":[{"embeddable":true,"href":"https:\/\/www.accteklaser.com\/cs\/wp-json\/wp\/v2\/comments?post=11899"}],"wp:featuredmedia":[{"embeddable":true,"href":"https:\/\/www.accteklaser.com\/cs\/wp-json\/wp\/v2\/media\/30575"}],"wp:attachment":[{"href":"https:\/\/www.accteklaser.com\/cs\/wp-json\/wp\/v2\/media?parent=11899"}],"wp:term":[{"taxonomy":"product_brand","embeddable":true,"href":"https:\/\/www.accteklaser.com\/cs\/wp-json\/wp\/v2\/product_brand?post=11899"},{"taxonomy":"product_cat","embeddable":true,"href":"https:\/\/www.accteklaser.com\/cs\/wp-json\/wp\/v2\/product_cat?post=11899"},{"taxonomy":"product_tag","embeddable":true,"href":"https:\/\/www.accteklaser.com\/cs\/wp-json\/wp\/v2\/product_tag?post=11899"}],"curies":[{"name":"wp","href":"https:\/\/api.w.org\/{rel}","templated":true}]}}