{"id":29708,"date":"2025-01-17T10:19:44","date_gmt":"2025-01-17T02:19:44","guid":{"rendered":"https:\/\/www.accteklaser.com\/?post_type=product&#038;p=29708"},"modified":"2025-09-24T11:00:52","modified_gmt":"2025-09-24T03:00:52","slug":"titanovy-laserovy-rezaci-stroj","status":"publish","type":"product","link":"https:\/\/www.accteklaser.com\/cs\/product\/titanium-laser-cutting-machine\/","title":{"rendered":"Titanov\u00fd laserov\u00fd \u0159ezac\u00ed stroj"},"content":{"rendered":"<p>Hlin\u00edkov\u00fd laserov\u00fd \u0159ezac\u00ed stroj nab\u00edz\u00ed p\u0159esn\u00e9, vysokorychlostn\u00ed \u0159ez\u00e1n\u00ed hlin\u00edku a slitin, poskytuje \u010dist\u00e9 hrany a vynikaj\u00edc\u00ed \u00fa\u010dinnost pro r\u016fzn\u00e9 pr\u016fmyslov\u00e9 aplikace.<\/p>","protected":false},"excerpt":{"rendered":"<p>Hlin\u00edkov\u00fd laserov\u00fd \u0159ezac\u00ed stroj nab\u00edz\u00ed p\u0159esn\u00e9, vysokorychlostn\u00ed \u0159ez\u00e1n\u00ed hlin\u00edku a slitin, poskytuje \u010dist\u00e9 hrany a vynikaj\u00edc\u00ed \u00fa\u010dinnost pro r\u016fzn\u00e9 pr\u016fmyslov\u00e9 aplikace.<\/p>","protected":false},"featured_media":29737,"comment_status":"open","ping_status":"closed","template":"","meta":{"_acf_changed":false},"product_brand":[],"product_cat":[99,94],"product_tag":[],"class_list":{"0":"post-29708","1":"product","2":"type-product","3":"status-publish","4":"has-post-thumbnail","6":"product_cat-laser-cutting-machine","7":"product_cat-laser-cutting-machine-material","9":"first","10":"instock","11":"shipping-taxable","12":"purchasable","13":"product-type-variable"},"acf":[],"_links":{"self":[{"href":"https:\/\/www.accteklaser.com\/cs\/wp-json\/wp\/v2\/product\/29708","targetHints":{"allow":["GET"]}}],"collection":[{"href":"https:\/\/www.accteklaser.com\/cs\/wp-json\/wp\/v2\/product"}],"about":[{"href":"https:\/\/www.accteklaser.com\/cs\/wp-json\/wp\/v2\/types\/product"}],"replies":[{"embeddable":true,"href":"https:\/\/www.accteklaser.com\/cs\/wp-json\/wp\/v2\/comments?post=29708"}],"wp:featuredmedia":[{"embeddable":true,"href":"https:\/\/www.accteklaser.com\/cs\/wp-json\/wp\/v2\/media\/29737"}],"wp:attachment":[{"href":"https:\/\/www.accteklaser.com\/cs\/wp-json\/wp\/v2\/media?parent=29708"}],"wp:term":[{"taxonomy":"product_brand","embeddable":true,"href":"https:\/\/www.accteklaser.com\/cs\/wp-json\/wp\/v2\/product_brand?post=29708"},{"taxonomy":"product_cat","embeddable":true,"href":"https:\/\/www.accteklaser.com\/cs\/wp-json\/wp\/v2\/product_cat?post=29708"},{"taxonomy":"product_tag","embeddable":true,"href":"https:\/\/www.accteklaser.com\/cs\/wp-json\/wp\/v2\/product_tag?post=29708"}],"curies":[{"name":"wp","href":"https:\/\/api.w.org\/{rel}","templated":true}]}}