{"id":32365,"date":"2024-03-27T10:00:24","date_gmt":"2024-03-27T02:00:24","guid":{"rendered":"https:\/\/www.accteklaser.com\/?post_type=product&#038;p=32365"},"modified":"2026-04-17T17:35:19","modified_gmt":"2026-04-17T09:35:19","slug":"laserovy-cistici-stroj-na-zavazadla-cw","status":"publish","type":"product","link":"https:\/\/www.accteklaser.com\/cs\/product\/luggage-cw-laser-cleaning-machine\/","title":{"rendered":"Laserov\u00fd \u010distic\u00ed stroj na zavazadla CW"},"content":{"rendered":"<p>Laserov\u00fd \u010disti\u010d zavazadel CW je p\u0159enosn\u00e9, ekologick\u00e9 \u0159e\u0161en\u00ed pro \u010di\u0161t\u011bn\u00ed povrch\u016f, kter\u00e9 efektivn\u011b odstra\u0148uje rez, barvu a ne\u010distoty z r\u016fzn\u00fdch materi\u00e1l\u016f, ide\u00e1ln\u00ed pro pr\u016fmyslov\u00e9 a \u00fadr\u017eb\u00e1\u0159sk\u00e9 aplikace na m\u00edst\u011b.<\/p>","protected":false},"excerpt":{"rendered":"<p>Laserov\u00fd \u010disti\u010d zavazadel CW je p\u0159enosn\u00e9, ekologick\u00e9 \u0159e\u0161en\u00ed pro \u010di\u0161t\u011bn\u00ed povrch\u016f, kter\u00e9 efektivn\u011b odstra\u0148uje rez, barvu a ne\u010distoty z r\u016fzn\u00fdch materi\u00e1l\u016f, ide\u00e1ln\u00ed pro pr\u016fmyslov\u00e9 a \u00fadr\u017eb\u00e1\u0159sk\u00e9 aplikace na m\u00edst\u011b.<\/p>","protected":false},"featured_media":32366,"comment_status":"open","ping_status":"closed","template":"","meta":{"_acf_changed":false},"product_brand":[],"product_cat":[100,76],"product_tag":[],"class_list":{"0":"post-32365","1":"product","2":"type-product","3":"status-publish","4":"has-post-thumbnail","6":"product_cat-laser-cleaning-machine","7":"product_cat-4-laser-cleaning-machine","9":"first","10":"instock","11":"shipping-taxable","12":"product-type-simple"},"acf":[],"_links":{"self":[{"href":"https:\/\/www.accteklaser.com\/cs\/wp-json\/wp\/v2\/product\/32365","targetHints":{"allow":["GET"]}}],"collection":[{"href":"https:\/\/www.accteklaser.com\/cs\/wp-json\/wp\/v2\/product"}],"about":[{"href":"https:\/\/www.accteklaser.com\/cs\/wp-json\/wp\/v2\/types\/product"}],"replies":[{"embeddable":true,"href":"https:\/\/www.accteklaser.com\/cs\/wp-json\/wp\/v2\/comments?post=32365"}],"wp:featuredmedia":[{"embeddable":true,"href":"https:\/\/www.accteklaser.com\/cs\/wp-json\/wp\/v2\/media\/32366"}],"wp:attachment":[{"href":"https:\/\/www.accteklaser.com\/cs\/wp-json\/wp\/v2\/media?parent=32365"}],"wp:term":[{"taxonomy":"product_brand","embeddable":true,"href":"https:\/\/www.accteklaser.com\/cs\/wp-json\/wp\/v2\/product_brand?post=32365"},{"taxonomy":"product_cat","embeddable":true,"href":"https:\/\/www.accteklaser.com\/cs\/wp-json\/wp\/v2\/product_cat?post=32365"},{"taxonomy":"product_tag","embeddable":true,"href":"https:\/\/www.accteklaser.com\/cs\/wp-json\/wp\/v2\/product_tag?post=32365"}],"curies":[{"name":"wp","href":"https:\/\/api.w.org\/{rel}","templated":true}]}}