{"id":33066,"date":"2025-11-20T16:10:24","date_gmt":"2025-11-20T08:10:24","guid":{"rendered":"https:\/\/www.accteklaser.com\/?post_type=product&#038;p=33066"},"modified":"2025-11-21T09:49:55","modified_gmt":"2025-11-21T01:49:55","slug":"automaticka-laserova-svarovaci-platforma","status":"publish","type":"product","link":"https:\/\/www.accteklaser.com\/cs\/product\/automatic-laser-welding-platform\/","title":{"rendered":"Automatick\u00e1 laserov\u00e1 sva\u0159ovac\u00ed platforma"},"content":{"rendered":"<p>Automatick\u00e1 laserov\u00e1 sva\u0159ovac\u00ed platforma kombinuje vysoce v\u00fdkonn\u00fd laserov\u00fd zdroj, p\u0159esn\u00e9 CNC \u0159\u00edzen\u00ed a automatizovan\u00e9 funkce pro dosa\u017een\u00ed vysoce kvalitn\u00edch a opakovateln\u00fdch svar\u016f na \u0161irok\u00e9 \u0161k\u00e1le kovov\u00fdch materi\u00e1l\u016f.<\/p>","protected":false},"excerpt":{"rendered":"<p>Automatick\u00e1 laserov\u00e1 sva\u0159ovac\u00ed platforma kombinuje vysoce v\u00fdkonn\u00fd laserov\u00fd zdroj, p\u0159esn\u00e9 CNC \u0159\u00edzen\u00ed a automatizovan\u00e9 funkce pro dosa\u017een\u00ed vysoce kvalitn\u00edch a opakovateln\u00fdch svar\u016f na \u0161irok\u00e9 \u0161k\u00e1le kovov\u00fdch materi\u00e1l\u016f.<\/p>","protected":false},"featured_media":33073,"comment_status":"open","ping_status":"closed","template":"","meta":{"_acf_changed":false},"product_brand":[],"product_cat":[102,184],"product_tag":[],"class_list":{"0":"post-33066","1":"product","2":"type-product","3":"status-publish","4":"has-post-thumbnail","6":"product_cat-laser-welding-machine","7":"product_cat-8-laser-welding-machine","9":"first","10":"instock","11":"shipping-taxable","12":"product-type-simple"},"acf":[],"_links":{"self":[{"href":"https:\/\/www.accteklaser.com\/cs\/wp-json\/wp\/v2\/product\/33066","targetHints":{"allow":["GET"]}}],"collection":[{"href":"https:\/\/www.accteklaser.com\/cs\/wp-json\/wp\/v2\/product"}],"about":[{"href":"https:\/\/www.accteklaser.com\/cs\/wp-json\/wp\/v2\/types\/product"}],"replies":[{"embeddable":true,"href":"https:\/\/www.accteklaser.com\/cs\/wp-json\/wp\/v2\/comments?post=33066"}],"wp:featuredmedia":[{"embeddable":true,"href":"https:\/\/www.accteklaser.com\/cs\/wp-json\/wp\/v2\/media\/33073"}],"wp:attachment":[{"href":"https:\/\/www.accteklaser.com\/cs\/wp-json\/wp\/v2\/media?parent=33066"}],"wp:term":[{"taxonomy":"product_brand","embeddable":true,"href":"https:\/\/www.accteklaser.com\/cs\/wp-json\/wp\/v2\/product_brand?post=33066"},{"taxonomy":"product_cat","embeddable":true,"href":"https:\/\/www.accteklaser.com\/cs\/wp-json\/wp\/v2\/product_cat?post=33066"},{"taxonomy":"product_tag","embeddable":true,"href":"https:\/\/www.accteklaser.com\/cs\/wp-json\/wp\/v2\/product_tag?post=33066"}],"curies":[{"name":"wp","href":"https:\/\/api.w.org\/{rel}","templated":true}]}}