{"id":10529,"date":"2024-03-12T11:17:21","date_gmt":"2024-03-12T03:17:21","guid":{"rendered":"https:\/\/chinacncparts.com\/?post_type=product&#038;p=10529"},"modified":"2025-09-26T16:23:11","modified_gmt":"2025-09-26T08:23:11","slug":"akj-f1-laserschneidmaschine","status":"publish","type":"product","link":"https:\/\/www.accteklaser.com\/de\/product\/akj-f1-laser-cutting-machine\/","title":{"rendered":"AKJ-F1 Laserschneidmaschine"},"content":{"rendered":"<p>Die Laserschneidmaschine AKJ-F1 ist eine kosteng\u00fcnstige Faserlaserschneidmaschine mit einem einzigen Schneidtisch. Sie ist f\u00fcr eine einfache Bedienung konzipiert und erm\u00f6glicht es einer Person, Bleche mit hoher Pr\u00e4zision zu schneiden.<\/p>","protected":false},"excerpt":{"rendered":"<p>Die Laserschneidmaschine AKJ-F1 ist eine kosteng\u00fcnstige Faserlaserschneidmaschine mit einem einzigen Schneidtisch. Sie ist f\u00fcr eine einfache Bedienung konzipiert und erm\u00f6glicht es einer Person, Bleche mit hoher Pr\u00e4zision zu schneiden.<\/p>","protected":false},"featured_media":2289,"comment_status":"open","ping_status":"closed","template":"","meta":{"_acf_changed":false},"product_brand":[],"product_cat":[99,61,103,108],"product_tag":[],"class_list":{"0":"post-10529","1":"product","2":"type-product","3":"status-publish","4":"has-post-thumbnail","6":"product_cat-laser-cutting-machine","7":"product_cat-akj-f1-laser-cutting-machine","8":"product_cat-fiber-laser-cutting-machine","9":"product_cat-sheet-laser-cutting-machine","11":"first","12":"instock","13":"shipping-taxable","14":"purchasable","15":"product-type-variable"},"acf":[],"_links":{"self":[{"href":"https:\/\/www.accteklaser.com\/de\/wp-json\/wp\/v2\/product\/10529","targetHints":{"allow":["GET"]}}],"collection":[{"href":"https:\/\/www.accteklaser.com\/de\/wp-json\/wp\/v2\/product"}],"about":[{"href":"https:\/\/www.accteklaser.com\/de\/wp-json\/wp\/v2\/types\/product"}],"replies":[{"embeddable":true,"href":"https:\/\/www.accteklaser.com\/de\/wp-json\/wp\/v2\/comments?post=10529"}],"wp:featuredmedia":[{"embeddable":true,"href":"https:\/\/www.accteklaser.com\/de\/wp-json\/wp\/v2\/media\/2289"}],"wp:attachment":[{"href":"https:\/\/www.accteklaser.com\/de\/wp-json\/wp\/v2\/media?parent=10529"}],"wp:term":[{"taxonomy":"product_brand","embeddable":true,"href":"https:\/\/www.accteklaser.com\/de\/wp-json\/wp\/v2\/product_brand?post=10529"},{"taxonomy":"product_cat","embeddable":true,"href":"https:\/\/www.accteklaser.com\/de\/wp-json\/wp\/v2\/product_cat?post=10529"},{"taxonomy":"product_tag","embeddable":true,"href":"https:\/\/www.accteklaser.com\/de\/wp-json\/wp\/v2\/product_tag?post=10529"}],"curies":[{"name":"wp","href":"https:\/\/api.w.org\/{rel}","templated":true}]}}