{"id":11500,"date":"2024-04-02T10:40:51","date_gmt":"2024-04-02T02:40:51","guid":{"rendered":"https:\/\/chinacncparts.com\/?post_type=product&#038;p=11500"},"modified":"2025-09-24T10:15:15","modified_gmt":"2025-09-24T02:15:15","slug":"vollstandig-geschlossene-co2-laserbeschriftungsmaschine-fur-grose-flachen","status":"publish","type":"product","link":"https:\/\/www.accteklaser.com\/de\/product\/large-area-fully-enclosed-co2-laser-marking-machine\/","title":{"rendered":"Gro\u00dffl\u00e4chige, vollst\u00e4ndig geschlossene CO2-Laserbeschriftungsmaschine"},"content":{"rendered":"<p>Die gro\u00dffl\u00e4chige CO2-Lasermarkiermaschine ist ein Industrieger\u00e4t zum Markieren gro\u00dfer Teile und Produkte mit hoher Pr\u00e4zision und hoher Geschwindigkeit.<\/p>","protected":false},"excerpt":{"rendered":"<p>Die gro\u00dffl\u00e4chige CO2-Lasermarkiermaschine ist ein Industrieger\u00e4t zum Markieren gro\u00dfer Teile und Produkte mit hoher Pr\u00e4zision und hoher Geschwindigkeit.<\/p>","protected":false},"featured_media":2221,"comment_status":"open","ping_status":"closed","template":"","meta":{"_acf_changed":false},"product_brand":[],"product_cat":[101,87,106],"product_tag":[],"class_list":{"0":"post-11500","1":"product","2":"type-product","3":"status-publish","4":"has-post-thumbnail","6":"product_cat-laser-marking-machine","7":"product_cat-7-2-laser-marking-machine","8":"product_cat-co2-laser-marking-machine","10":"first","11":"instock","12":"shipping-taxable","13":"purchasable","14":"product-type-variable"},"acf":[],"_links":{"self":[{"href":"https:\/\/www.accteklaser.com\/de\/wp-json\/wp\/v2\/product\/11500","targetHints":{"allow":["GET"]}}],"collection":[{"href":"https:\/\/www.accteklaser.com\/de\/wp-json\/wp\/v2\/product"}],"about":[{"href":"https:\/\/www.accteklaser.com\/de\/wp-json\/wp\/v2\/types\/product"}],"replies":[{"embeddable":true,"href":"https:\/\/www.accteklaser.com\/de\/wp-json\/wp\/v2\/comments?post=11500"}],"wp:featuredmedia":[{"embeddable":true,"href":"https:\/\/www.accteklaser.com\/de\/wp-json\/wp\/v2\/media\/2221"}],"wp:attachment":[{"href":"https:\/\/www.accteklaser.com\/de\/wp-json\/wp\/v2\/media?parent=11500"}],"wp:term":[{"taxonomy":"product_brand","embeddable":true,"href":"https:\/\/www.accteklaser.com\/de\/wp-json\/wp\/v2\/product_brand?post=11500"},{"taxonomy":"product_cat","embeddable":true,"href":"https:\/\/www.accteklaser.com\/de\/wp-json\/wp\/v2\/product_cat?post=11500"},{"taxonomy":"product_tag","embeddable":true,"href":"https:\/\/www.accteklaser.com\/de\/wp-json\/wp\/v2\/product_tag?post=11500"}],"curies":[{"name":"wp","href":"https:\/\/api.w.org\/{rel}","templated":true}]}}