{"id":11684,"date":"2024-04-07T11:35:13","date_gmt":"2024-04-07T03:35:13","guid":{"rendered":"https:\/\/chinacncparts.com\/?post_type=product&#038;p=11684"},"modified":"2025-09-28T17:57:14","modified_gmt":"2025-09-28T09:57:14","slug":"4000w-laserschneidmaschine","status":"publish","type":"product","link":"https:\/\/www.accteklaser.com\/de\/product\/4000w-laser-cutting-machine\/","title":{"rendered":"4000W Laserschneidmaschine"},"content":{"rendered":"<p>Die 4000-W-Laserschneidmaschine erm\u00f6glicht schnelles, pr\u00e4zises Metallschneiden f\u00fcr verschiedene Materialien. Langlebig, effizient und mit fortschrittlichen Funktionen f\u00fcr industrielle Spitzenleistung ausgestattet.<\/p>","protected":false},"excerpt":{"rendered":"<p>Die 4000-W-Laserschneidmaschine erm\u00f6glicht schnelles, pr\u00e4zises Metallschneiden f\u00fcr verschiedene Materialien. Langlebig, effizient und mit fortschrittlichen Funktionen f\u00fcr industrielle Spitzenleistung ausgestattet.<\/p>","protected":false},"featured_media":4552,"comment_status":"open","ping_status":"closed","template":"","meta":{"_acf_changed":false},"product_brand":[],"product_cat":[99,89],"product_tag":[],"class_list":{"0":"post-11684","1":"product","2":"type-product","3":"status-publish","4":"has-post-thumbnail","6":"product_cat-laser-cutting-machine","7":"product_cat-laser-cutting-machine-power","9":"first","10":"instock","11":"shipping-taxable","12":"purchasable","13":"product-type-variable"},"acf":[],"_links":{"self":[{"href":"https:\/\/www.accteklaser.com\/de\/wp-json\/wp\/v2\/product\/11684","targetHints":{"allow":["GET"]}}],"collection":[{"href":"https:\/\/www.accteklaser.com\/de\/wp-json\/wp\/v2\/product"}],"about":[{"href":"https:\/\/www.accteklaser.com\/de\/wp-json\/wp\/v2\/types\/product"}],"replies":[{"embeddable":true,"href":"https:\/\/www.accteklaser.com\/de\/wp-json\/wp\/v2\/comments?post=11684"}],"wp:featuredmedia":[{"embeddable":true,"href":"https:\/\/www.accteklaser.com\/de\/wp-json\/wp\/v2\/media\/4552"}],"wp:attachment":[{"href":"https:\/\/www.accteklaser.com\/de\/wp-json\/wp\/v2\/media?parent=11684"}],"wp:term":[{"taxonomy":"product_brand","embeddable":true,"href":"https:\/\/www.accteklaser.com\/de\/wp-json\/wp\/v2\/product_brand?post=11684"},{"taxonomy":"product_cat","embeddable":true,"href":"https:\/\/www.accteklaser.com\/de\/wp-json\/wp\/v2\/product_cat?post=11684"},{"taxonomy":"product_tag","embeddable":true,"href":"https:\/\/www.accteklaser.com\/de\/wp-json\/wp\/v2\/product_tag?post=11684"}],"curies":[{"name":"wp","href":"https:\/\/api.w.org\/{rel}","templated":true}]}}