{"id":11690,"date":"2024-04-08T09:48:58","date_gmt":"2024-04-08T01:48:58","guid":{"rendered":"https:\/\/chinacncparts.com\/?post_type=product&#038;p=11690"},"modified":"2025-09-24T10:27:07","modified_gmt":"2025-09-24T02:27:07","slug":"15-kw-laserschneidmaschine","status":"publish","type":"product","link":"https:\/\/www.accteklaser.com\/de\/product\/15kw-laser-cutting-machine\/","title":{"rendered":"15KW Laserschneidmaschine"},"content":{"rendered":"<p>Die 15-kW-Laserschneidmaschine erm\u00f6glicht hochpr\u00e4zises, schnelles Schneiden dicker Metallmaterialien und sorgt f\u00fcr glatte Kanten und minimale Verzerrungen. Ideal f\u00fcr die Produktion im gro\u00dfen Ma\u00dfstab mit hervorragender Effizienz und Qualit\u00e4t.<\/p>","protected":false},"excerpt":{"rendered":"<p>Die 15-kW-Laserschneidmaschine erm\u00f6glicht hochpr\u00e4zises, schnelles Schneiden dicker Metallmaterialien und sorgt f\u00fcr glatte Kanten und minimale Verzerrungen. Ideal f\u00fcr die Produktion im gro\u00dfen Ma\u00dfstab mit hervorragender Effizienz und Qualit\u00e4t.<\/p>","protected":false},"featured_media":4805,"comment_status":"open","ping_status":"closed","template":"","meta":{"_acf_changed":false},"product_brand":[],"product_cat":[99,89],"product_tag":[],"class_list":{"0":"post-11690","1":"product","2":"type-product","3":"status-publish","4":"has-post-thumbnail","6":"product_cat-laser-cutting-machine","7":"product_cat-laser-cutting-machine-power","9":"first","10":"onbackorder","11":"shipping-taxable","12":"purchasable","13":"product-type-variable"},"acf":[],"_links":{"self":[{"href":"https:\/\/www.accteklaser.com\/de\/wp-json\/wp\/v2\/product\/11690","targetHints":{"allow":["GET"]}}],"collection":[{"href":"https:\/\/www.accteklaser.com\/de\/wp-json\/wp\/v2\/product"}],"about":[{"href":"https:\/\/www.accteklaser.com\/de\/wp-json\/wp\/v2\/types\/product"}],"replies":[{"embeddable":true,"href":"https:\/\/www.accteklaser.com\/de\/wp-json\/wp\/v2\/comments?post=11690"}],"wp:featuredmedia":[{"embeddable":true,"href":"https:\/\/www.accteklaser.com\/de\/wp-json\/wp\/v2\/media\/4805"}],"wp:attachment":[{"href":"https:\/\/www.accteklaser.com\/de\/wp-json\/wp\/v2\/media?parent=11690"}],"wp:term":[{"taxonomy":"product_brand","embeddable":true,"href":"https:\/\/www.accteklaser.com\/de\/wp-json\/wp\/v2\/product_brand?post=11690"},{"taxonomy":"product_cat","embeddable":true,"href":"https:\/\/www.accteklaser.com\/de\/wp-json\/wp\/v2\/product_cat?post=11690"},{"taxonomy":"product_tag","embeddable":true,"href":"https:\/\/www.accteklaser.com\/de\/wp-json\/wp\/v2\/product_tag?post=11690"}],"curies":[{"name":"wp","href":"https:\/\/api.w.org\/{rel}","templated":true}]}}