{"id":12065,"date":"2024-04-30T15:05:02","date_gmt":"2024-04-30T07:05:02","guid":{"rendered":"https:\/\/chinacncparts.com\/?post_type=product&#038;p=12065"},"modified":"2025-09-24T11:07:36","modified_gmt":"2025-09-24T03:07:36","slug":"furnier-laserschneidemaschine","status":"publish","type":"product","link":"https:\/\/www.accteklaser.com\/de\/product\/veneer-laser-cutting-machine\/","title":{"rendered":"Furnier-Laserschneidemaschine"},"content":{"rendered":"<p>Die Furnier-Laserschneidmaschine ist eine Spezialausr\u00fcstung, die in der Holz- und M\u00f6belindustrie zum pr\u00e4zisen Schneiden und Formen von Furnieren verwendet wird.<\/p>","protected":false},"excerpt":{"rendered":"<p>Die Furnier-Laserschneidmaschine ist eine Spezialausr\u00fcstung, die in der Holz- und M\u00f6belindustrie zum pr\u00e4zisen Schneiden und Formen von Furnieren verwendet wird.<\/p>","protected":false},"featured_media":7713,"comment_status":"open","ping_status":"closed","template":"","meta":{"_acf_changed":false},"product_brand":[],"product_cat":[99,95,96],"product_tag":[],"class_list":{"0":"post-12065","1":"product","2":"type-product","3":"status-publish","4":"has-post-thumbnail","6":"product_cat-laser-cutting-machine","7":"product_cat-non-metal-laser-cutting-machine","8":"product_cat-wood-laser-cutting-machine","10":"first","11":"instock","12":"shipping-taxable","13":"purchasable","14":"product-type-variable"},"acf":[],"_links":{"self":[{"href":"https:\/\/www.accteklaser.com\/de\/wp-json\/wp\/v2\/product\/12065","targetHints":{"allow":["GET"]}}],"collection":[{"href":"https:\/\/www.accteklaser.com\/de\/wp-json\/wp\/v2\/product"}],"about":[{"href":"https:\/\/www.accteklaser.com\/de\/wp-json\/wp\/v2\/types\/product"}],"replies":[{"embeddable":true,"href":"https:\/\/www.accteklaser.com\/de\/wp-json\/wp\/v2\/comments?post=12065"}],"wp:featuredmedia":[{"embeddable":true,"href":"https:\/\/www.accteklaser.com\/de\/wp-json\/wp\/v2\/media\/7713"}],"wp:attachment":[{"href":"https:\/\/www.accteklaser.com\/de\/wp-json\/wp\/v2\/media?parent=12065"}],"wp:term":[{"taxonomy":"product_brand","embeddable":true,"href":"https:\/\/www.accteklaser.com\/de\/wp-json\/wp\/v2\/product_brand?post=12065"},{"taxonomy":"product_cat","embeddable":true,"href":"https:\/\/www.accteklaser.com\/de\/wp-json\/wp\/v2\/product_cat?post=12065"},{"taxonomy":"product_tag","embeddable":true,"href":"https:\/\/www.accteklaser.com\/de\/wp-json\/wp\/v2\/product_tag?post=12065"}],"curies":[{"name":"wp","href":"https:\/\/api.w.org\/{rel}","templated":true}]}}