{"id":11261,"date":"2024-03-27T10:52:34","date_gmt":"2024-03-27T02:52:34","guid":{"rendered":"https:\/\/chinacncparts.com\/?post_type=product&#038;p=11261"},"modified":"2026-01-04T16:20:02","modified_gmt":"2026-01-04T08:20:02","slug":"maquina-de-limpieza-laser-por-pulsos-para-equipaje","status":"publish","type":"product","link":"https:\/\/www.accteklaser.com\/es\/product\/luggage-pulse-laser-cleaning-machine\/","title":{"rendered":"M\u00e1quina de limpieza l\u00e1ser por pulsos para equipaje"},"content":{"rendered":"<p>La m\u00e1quina de limpieza l\u00e1ser por pulsos para equipaje tiene las ventajas de ser liviana y port\u00e1til, con par\u00e1metros flexibles y ajustables, y puede satisfacer las necesidades de limpieza de piezas de trabajo de diversas formas.<\/p>","protected":false},"excerpt":{"rendered":"<p>La m\u00e1quina de limpieza l\u00e1ser por pulsos para equipaje tiene las ventajas de ser liviana y port\u00e1til, con par\u00e1metros flexibles y ajustables, y puede satisfacer las necesidades de limpieza de piezas de trabajo de diversas formas.<\/p>","protected":false},"featured_media":29842,"comment_status":"open","ping_status":"closed","template":"","meta":{"_acf_changed":false},"product_brand":[],"product_cat":[100,77],"product_tag":[],"class_list":{"0":"post-11261","1":"product","2":"type-product","3":"status-publish","4":"has-post-thumbnail","6":"product_cat-laser-cleaning-machine","7":"product_cat-3-laser-cleaning-machine","9":"first","10":"instock","11":"shipping-taxable","12":"purchasable","13":"product-type-variable"},"acf":[],"_links":{"self":[{"href":"https:\/\/www.accteklaser.com\/es\/wp-json\/wp\/v2\/product\/11261","targetHints":{"allow":["GET"]}}],"collection":[{"href":"https:\/\/www.accteklaser.com\/es\/wp-json\/wp\/v2\/product"}],"about":[{"href":"https:\/\/www.accteklaser.com\/es\/wp-json\/wp\/v2\/types\/product"}],"replies":[{"embeddable":true,"href":"https:\/\/www.accteklaser.com\/es\/wp-json\/wp\/v2\/comments?post=11261"}],"wp:featuredmedia":[{"embeddable":true,"href":"https:\/\/www.accteklaser.com\/es\/wp-json\/wp\/v2\/media\/29842"}],"wp:attachment":[{"href":"https:\/\/www.accteklaser.com\/es\/wp-json\/wp\/v2\/media?parent=11261"}],"wp:term":[{"taxonomy":"product_brand","embeddable":true,"href":"https:\/\/www.accteklaser.com\/es\/wp-json\/wp\/v2\/product_brand?post=11261"},{"taxonomy":"product_cat","embeddable":true,"href":"https:\/\/www.accteklaser.com\/es\/wp-json\/wp\/v2\/product_cat?post=11261"},{"taxonomy":"product_tag","embeddable":true,"href":"https:\/\/www.accteklaser.com\/es\/wp-json\/wp\/v2\/product_tag?post=11261"}],"curies":[{"name":"gracias","href":"https:\/\/api.w.org\/{rel}","templated":true}]}}