{"id":11268,"date":"2024-03-27T11:36:57","date_gmt":"2024-03-27T03:36:57","guid":{"rendered":"https:\/\/chinacncparts.com\/?post_type=product&#038;p=11268"},"modified":"2026-01-04T16:24:33","modified_gmt":"2026-01-04T08:24:33","slug":"maquina-de-limpieza-laser-de-pulso-de-mochila","status":"publish","type":"product","link":"https:\/\/www.accteklaser.com\/es\/product\/backpack-pulse-laser-cleaning-machine\/","title":{"rendered":"M\u00e1quina de limpieza l\u00e1ser de pulso de mochila"},"content":{"rendered":"<p>La m\u00e1quina de limpieza por l\u00e1ser de pulso de mochila es un equipo de limpieza por l\u00e1ser port\u00e1til. Proporciona una soluci\u00f3n vers\u00e1til y respetuosa con el medio ambiente para una variedad de aplicaciones de limpieza.<\/p>","protected":false},"excerpt":{"rendered":"<p>La m\u00e1quina de limpieza por l\u00e1ser de pulso de mochila es un equipo de limpieza por l\u00e1ser port\u00e1til. Proporciona una soluci\u00f3n vers\u00e1til y respetuosa con el medio ambiente para una variedad de aplicaciones de limpieza.<\/p>","protected":false},"featured_media":29830,"comment_status":"open","ping_status":"closed","template":"","meta":{"_acf_changed":false},"product_brand":[],"product_cat":[100,76],"product_tag":[],"class_list":{"0":"post-11268","1":"product","2":"type-product","3":"status-publish","4":"has-post-thumbnail","6":"product_cat-laser-cleaning-machine","7":"product_cat-4-laser-cleaning-machine","9":"first","10":"instock","11":"shipping-taxable","12":"purchasable","13":"product-type-variable"},"acf":[],"_links":{"self":[{"href":"https:\/\/www.accteklaser.com\/es\/wp-json\/wp\/v2\/product\/11268","targetHints":{"allow":["GET"]}}],"collection":[{"href":"https:\/\/www.accteklaser.com\/es\/wp-json\/wp\/v2\/product"}],"about":[{"href":"https:\/\/www.accteklaser.com\/es\/wp-json\/wp\/v2\/types\/product"}],"replies":[{"embeddable":true,"href":"https:\/\/www.accteklaser.com\/es\/wp-json\/wp\/v2\/comments?post=11268"}],"wp:featuredmedia":[{"embeddable":true,"href":"https:\/\/www.accteklaser.com\/es\/wp-json\/wp\/v2\/media\/29830"}],"wp:attachment":[{"href":"https:\/\/www.accteklaser.com\/es\/wp-json\/wp\/v2\/media?parent=11268"}],"wp:term":[{"taxonomy":"product_brand","embeddable":true,"href":"https:\/\/www.accteklaser.com\/es\/wp-json\/wp\/v2\/product_brand?post=11268"},{"taxonomy":"product_cat","embeddable":true,"href":"https:\/\/www.accteklaser.com\/es\/wp-json\/wp\/v2\/product_cat?post=11268"},{"taxonomy":"product_tag","embeddable":true,"href":"https:\/\/www.accteklaser.com\/es\/wp-json\/wp\/v2\/product_tag?post=11268"}],"curies":[{"name":"gracias","href":"https:\/\/api.w.org\/{rel}","templated":true}]}}