{"id":11306,"date":"2024-03-28T09:48:56","date_gmt":"2024-03-28T01:48:56","guid":{"rendered":"https:\/\/chinacncparts.com\/?post_type=product&#038;p=11306"},"modified":"2025-09-25T10:44:55","modified_gmt":"2025-09-25T02:44:55","slug":"maquina-de-soldadura-laser-de-mano","status":"publish","type":"product","link":"https:\/\/www.accteklaser.com\/es\/product\/handheld-laser-welding-machine\/","title":{"rendered":"M\u00e1quina de soldadura l\u00e1ser de mano"},"content":{"rendered":"<p>La m\u00e1quina de soldadura l\u00e1ser port\u00e1til es una m\u00e1quina de soldadura l\u00e1ser de fibra de alta configuraci\u00f3n que se puede utilizar para soldar acero inoxidable, hierro, acero galvanizado, aluminio y otros materiales met\u00e1licos.<\/p>","protected":false},"excerpt":{"rendered":"<p>La m\u00e1quina de soldadura l\u00e1ser port\u00e1til es una m\u00e1quina de soldadura l\u00e1ser de fibra de alta configuraci\u00f3n que se puede utilizar para soldar acero inoxidable, hierro, acero galvanizado, aluminio y otros materiales met\u00e1licos.<\/p>","protected":false},"featured_media":30575,"comment_status":"open","ping_status":"closed","template":"","meta":{"_acf_changed":false},"product_brand":[],"product_cat":[102,84],"product_tag":[],"class_list":{"0":"post-11306","1":"product","2":"type-product","3":"status-publish","4":"has-post-thumbnail","6":"product_cat-laser-welding-machine","7":"product_cat-4-2-laser-welding-machine","9":"first","10":"instock","11":"shipping-taxable","12":"purchasable","13":"product-type-variable"},"acf":[],"_links":{"self":[{"href":"https:\/\/www.accteklaser.com\/es\/wp-json\/wp\/v2\/product\/11306","targetHints":{"allow":["GET"]}}],"collection":[{"href":"https:\/\/www.accteklaser.com\/es\/wp-json\/wp\/v2\/product"}],"about":[{"href":"https:\/\/www.accteklaser.com\/es\/wp-json\/wp\/v2\/types\/product"}],"replies":[{"embeddable":true,"href":"https:\/\/www.accteklaser.com\/es\/wp-json\/wp\/v2\/comments?post=11306"}],"wp:featuredmedia":[{"embeddable":true,"href":"https:\/\/www.accteklaser.com\/es\/wp-json\/wp\/v2\/media\/30575"}],"wp:attachment":[{"href":"https:\/\/www.accteklaser.com\/es\/wp-json\/wp\/v2\/media?parent=11306"}],"wp:term":[{"taxonomy":"product_brand","embeddable":true,"href":"https:\/\/www.accteklaser.com\/es\/wp-json\/wp\/v2\/product_brand?post=11306"},{"taxonomy":"product_cat","embeddable":true,"href":"https:\/\/www.accteklaser.com\/es\/wp-json\/wp\/v2\/product_cat?post=11306"},{"taxonomy":"product_tag","embeddable":true,"href":"https:\/\/www.accteklaser.com\/es\/wp-json\/wp\/v2\/product_tag?post=11306"}],"curies":[{"name":"gracias","href":"https:\/\/api.w.org\/{rel}","templated":true}]}}