{"id":11431,"date":"2024-03-29T13:51:20","date_gmt":"2024-03-29T05:51:20","guid":{"rendered":"https:\/\/chinacncparts.com\/?post_type=product&#038;p=11431"},"modified":"2025-09-24T10:12:42","modified_gmt":"2025-09-24T02:12:42","slug":"maquina-de-marcado-laser-de-fibra-de-escritorio","status":"publish","type":"product","link":"https:\/\/www.accteklaser.com\/es\/product\/desktop-fiber-laser-marking-machine\/","title":{"rendered":"M\u00e1quina marcadora l\u00e1ser de fibra de escritorio"},"content":{"rendered":"<p>Las m\u00e1quinas de marcado l\u00e1ser de fibra de escritorio utilizan l\u00e1seres de fibra para crear marcas precisas y de alta calidad en una variedad de materiales, incluidos metales, pl\u00e1sticos y cer\u00e1micas.<\/p>","protected":false},"excerpt":{"rendered":"<p>Las m\u00e1quinas de marcado l\u00e1ser de fibra de escritorio utilizan l\u00e1seres de fibra para crear marcas precisas y de alta calidad en una variedad de materiales, incluidos metales, pl\u00e1sticos y cer\u00e1micas.<\/p>","protected":false},"featured_media":2217,"comment_status":"open","ping_status":"closed","template":"","meta":{"_acf_changed":false},"product_brand":[],"product_cat":[101,85,107],"product_tag":[],"class_list":{"0":"post-11431","1":"product","2":"type-product","3":"status-publish","4":"has-post-thumbnail","6":"product_cat-laser-marking-machine","7":"product_cat-5-2-laser-marking-machine","8":"product_cat-fiber-laser-marking-machine","10":"first","11":"instock","12":"shipping-taxable","13":"purchasable","14":"product-type-variable"},"acf":[],"_links":{"self":[{"href":"https:\/\/www.accteklaser.com\/es\/wp-json\/wp\/v2\/product\/11431","targetHints":{"allow":["GET"]}}],"collection":[{"href":"https:\/\/www.accteklaser.com\/es\/wp-json\/wp\/v2\/product"}],"about":[{"href":"https:\/\/www.accteklaser.com\/es\/wp-json\/wp\/v2\/types\/product"}],"replies":[{"embeddable":true,"href":"https:\/\/www.accteklaser.com\/es\/wp-json\/wp\/v2\/comments?post=11431"}],"wp:featuredmedia":[{"embeddable":true,"href":"https:\/\/www.accteklaser.com\/es\/wp-json\/wp\/v2\/media\/2217"}],"wp:attachment":[{"href":"https:\/\/www.accteklaser.com\/es\/wp-json\/wp\/v2\/media?parent=11431"}],"wp:term":[{"taxonomy":"product_brand","embeddable":true,"href":"https:\/\/www.accteklaser.com\/es\/wp-json\/wp\/v2\/product_brand?post=11431"},{"taxonomy":"product_cat","embeddable":true,"href":"https:\/\/www.accteklaser.com\/es\/wp-json\/wp\/v2\/product_cat?post=11431"},{"taxonomy":"product_tag","embeddable":true,"href":"https:\/\/www.accteklaser.com\/es\/wp-json\/wp\/v2\/product_tag?post=11431"}],"curies":[{"name":"gracias","href":"https:\/\/api.w.org\/{rel}","templated":true}]}}