{"id":11486,"date":"2024-03-29T16:15:09","date_gmt":"2024-03-29T08:15:09","guid":{"rendered":"https:\/\/chinacncparts.com\/?post_type=product&#038;p=11486"},"modified":"2026-01-08T16:50:24","modified_gmt":"2026-01-08T08:50:24","slug":"maquina-de-marcado-laser-de-fibra-completamente-cerrada-para-areas-grandes","status":"publish","type":"product","link":"https:\/\/www.accteklaser.com\/es\/product\/large-area-fully-enclosed-fiber-laser-marking-machine\/","title":{"rendered":"M\u00e1quina marcadora l\u00e1ser de fibra completamente cerrada para \u00e1reas grandes"},"content":{"rendered":"<p>La m\u00e1quina de marcado l\u00e1ser de \u00e1rea grande completamente cerrada es capaz de manejar piezas grandes o m\u00faltiples piezas simult\u00e1neamente, lo que ahorra tiempo y reduce la cantidad de configuraciones necesarias.<\/p>","protected":false},"excerpt":{"rendered":"<p>La m\u00e1quina de marcado l\u00e1ser de \u00e1rea grande completamente cerrada es capaz de manejar piezas grandes o m\u00faltiples piezas simult\u00e1neamente, lo que ahorra tiempo y reduce la cantidad de configuraciones necesarias.<\/p>","protected":false},"featured_media":2222,"comment_status":"open","ping_status":"closed","template":"","meta":{"_acf_changed":false},"product_brand":[],"product_cat":[101,87,107],"product_tag":[],"class_list":{"0":"post-11486","1":"product","2":"type-product","3":"status-publish","4":"has-post-thumbnail","6":"product_cat-laser-marking-machine","7":"product_cat-7-2-laser-marking-machine","8":"product_cat-fiber-laser-marking-machine","10":"first","11":"instock","12":"shipping-taxable","13":"purchasable","14":"product-type-variable"},"acf":[],"_links":{"self":[{"href":"https:\/\/www.accteklaser.com\/es\/wp-json\/wp\/v2\/product\/11486","targetHints":{"allow":["GET"]}}],"collection":[{"href":"https:\/\/www.accteklaser.com\/es\/wp-json\/wp\/v2\/product"}],"about":[{"href":"https:\/\/www.accteklaser.com\/es\/wp-json\/wp\/v2\/types\/product"}],"replies":[{"embeddable":true,"href":"https:\/\/www.accteklaser.com\/es\/wp-json\/wp\/v2\/comments?post=11486"}],"wp:featuredmedia":[{"embeddable":true,"href":"https:\/\/www.accteklaser.com\/es\/wp-json\/wp\/v2\/media\/2222"}],"wp:attachment":[{"href":"https:\/\/www.accteklaser.com\/es\/wp-json\/wp\/v2\/media?parent=11486"}],"wp:term":[{"taxonomy":"product_brand","embeddable":true,"href":"https:\/\/www.accteklaser.com\/es\/wp-json\/wp\/v2\/product_brand?post=11486"},{"taxonomy":"product_cat","embeddable":true,"href":"https:\/\/www.accteklaser.com\/es\/wp-json\/wp\/v2\/product_cat?post=11486"},{"taxonomy":"product_tag","embeddable":true,"href":"https:\/\/www.accteklaser.com\/es\/wp-json\/wp\/v2\/product_tag?post=11486"}],"curies":[{"name":"gracias","href":"https:\/\/api.w.org\/{rel}","templated":true}]}}