{"id":11683,"date":"2024-04-07T10:33:45","date_gmt":"2024-04-07T02:33:45","guid":{"rendered":"https:\/\/chinacncparts.com\/?post_type=product&#038;p=11683"},"modified":"2025-09-28T17:59:45","modified_gmt":"2025-09-28T09:59:45","slug":"maquina-de-corte-por-laser-de-3000w","status":"publish","type":"product","link":"https:\/\/www.accteklaser.com\/es\/product\/3000w-laser-cutting-machine\/","title":{"rendered":"M\u00e1quina de corte por l\u00e1ser de 3000 W"},"content":{"rendered":"<p>La m\u00e1quina de corte l\u00e1ser de 3000 W ofrece cortes precisos y de alta velocidad en una variedad de metales, incluidos acero inoxidable, acero al carbono, aluminio y m\u00e1s, ofreciendo una excelente calidad de borde y eficiencia para aplicaciones industriales.<\/p>","protected":false},"excerpt":{"rendered":"<p>La m\u00e1quina de corte l\u00e1ser de 3000 W ofrece cortes precisos y de alta velocidad en una variedad de metales, incluidos acero inoxidable, acero al carbono, aluminio y m\u00e1s, ofreciendo una excelente calidad de borde y eficiencia para aplicaciones industriales.<\/p>","protected":false},"featured_media":4535,"comment_status":"open","ping_status":"closed","template":"","meta":{"_acf_changed":false},"product_brand":[],"product_cat":[99,89],"product_tag":[],"class_list":{"0":"post-11683","1":"product","2":"type-product","3":"status-publish","4":"has-post-thumbnail","6":"product_cat-laser-cutting-machine","7":"product_cat-laser-cutting-machine-power","9":"first","10":"instock","11":"shipping-taxable","12":"purchasable","13":"product-type-variable"},"acf":[],"_links":{"self":[{"href":"https:\/\/www.accteklaser.com\/es\/wp-json\/wp\/v2\/product\/11683","targetHints":{"allow":["GET"]}}],"collection":[{"href":"https:\/\/www.accteklaser.com\/es\/wp-json\/wp\/v2\/product"}],"about":[{"href":"https:\/\/www.accteklaser.com\/es\/wp-json\/wp\/v2\/types\/product"}],"replies":[{"embeddable":true,"href":"https:\/\/www.accteklaser.com\/es\/wp-json\/wp\/v2\/comments?post=11683"}],"wp:featuredmedia":[{"embeddable":true,"href":"https:\/\/www.accteklaser.com\/es\/wp-json\/wp\/v2\/media\/4535"}],"wp:attachment":[{"href":"https:\/\/www.accteklaser.com\/es\/wp-json\/wp\/v2\/media?parent=11683"}],"wp:term":[{"taxonomy":"product_brand","embeddable":true,"href":"https:\/\/www.accteklaser.com\/es\/wp-json\/wp\/v2\/product_brand?post=11683"},{"taxonomy":"product_cat","embeddable":true,"href":"https:\/\/www.accteklaser.com\/es\/wp-json\/wp\/v2\/product_cat?post=11683"},{"taxonomy":"product_tag","embeddable":true,"href":"https:\/\/www.accteklaser.com\/es\/wp-json\/wp\/v2\/product_tag?post=11683"}],"curies":[{"name":"gracias","href":"https:\/\/api.w.org\/{rel}","templated":true}]}}