{"id":11790,"date":"2024-04-11T11:35:34","date_gmt":"2024-04-11T03:35:34","guid":{"rendered":"https:\/\/chinacncparts.com\/?post_type=product&#038;p=11790"},"modified":"2026-01-08T16:54:29","modified_gmt":"2026-01-08T08:54:29","slug":"maquina-de-limpieza-laser-de-3000w","status":"publish","type":"product","link":"https:\/\/www.accteklaser.com\/es\/product\/3000w-laser-cleaning-machine\/","title":{"rendered":"M\u00e1quina de limpieza l\u00e1ser de 3000 W"},"content":{"rendered":"<p>La m\u00e1quina de limpieza l\u00e1ser de 3000w es un equipo l\u00e1ser dedicado al proceso de limpieza con l\u00e1ser. Proporciona un mayor poder de limpieza, permitiendo la eliminaci\u00f3n de capas de contaminantes m\u00e1s gruesas o duras.<\/p>","protected":false},"excerpt":{"rendered":"<p>La m\u00e1quina de limpieza l\u00e1ser de 3000w es un equipo l\u00e1ser dedicado al proceso de limpieza con l\u00e1ser. Proporciona un mayor poder de limpieza, permitiendo la eliminaci\u00f3n de capas de contaminantes m\u00e1s gruesas o duras.<\/p>","protected":false},"featured_media":29858,"comment_status":"open","ping_status":"closed","template":"","meta":{"_acf_changed":false},"product_brand":[],"product_cat":[100,92],"product_tag":[],"class_list":{"0":"post-11790","1":"product","2":"type-product","3":"status-publish","4":"has-post-thumbnail","6":"product_cat-laser-cleaning-machine","7":"product_cat-laser-cleaning-machine-power","9":"first","10":"instock","11":"shipping-taxable","12":"purchasable","13":"product-type-variable"},"acf":[],"_links":{"self":[{"href":"https:\/\/www.accteklaser.com\/es\/wp-json\/wp\/v2\/product\/11790","targetHints":{"allow":["GET"]}}],"collection":[{"href":"https:\/\/www.accteklaser.com\/es\/wp-json\/wp\/v2\/product"}],"about":[{"href":"https:\/\/www.accteklaser.com\/es\/wp-json\/wp\/v2\/types\/product"}],"replies":[{"embeddable":true,"href":"https:\/\/www.accteklaser.com\/es\/wp-json\/wp\/v2\/comments?post=11790"}],"wp:featuredmedia":[{"embeddable":true,"href":"https:\/\/www.accteklaser.com\/es\/wp-json\/wp\/v2\/media\/29858"}],"wp:attachment":[{"href":"https:\/\/www.accteklaser.com\/es\/wp-json\/wp\/v2\/media?parent=11790"}],"wp:term":[{"taxonomy":"product_brand","embeddable":true,"href":"https:\/\/www.accteklaser.com\/es\/wp-json\/wp\/v2\/product_brand?post=11790"},{"taxonomy":"product_cat","embeddable":true,"href":"https:\/\/www.accteklaser.com\/es\/wp-json\/wp\/v2\/product_cat?post=11790"},{"taxonomy":"product_tag","embeddable":true,"href":"https:\/\/www.accteklaser.com\/es\/wp-json\/wp\/v2\/product_tag?post=11790"}],"curies":[{"name":"gracias","href":"https:\/\/api.w.org\/{rel}","templated":true}]}}