{"id":11848,"date":"2024-04-12T14:12:18","date_gmt":"2024-04-12T06:12:18","guid":{"rendered":"https:\/\/chinacncparts.com\/?post_type=product&#038;p=11848"},"modified":"2025-09-24T16:54:18","modified_gmt":"2025-09-24T08:54:18","slug":"maquina-de-limpieza-laser-de-pulso-de-200w","status":"publish","type":"product","link":"https:\/\/www.accteklaser.com\/es\/product\/200w-pulse-laser-cleaning-machine\/","title":{"rendered":"M\u00e1quina de limpieza l\u00e1ser de pulso de 200 W"},"content":{"rendered":"<p>La m\u00e1quina de limpieza l\u00e1ser de pulso de 200w es una potente herramienta l\u00e1ser. Utiliza un rayo l\u00e1ser para calentar y evaporar las capas superficiales de los materiales para eliminar \u00f3xido, pintura y otros contaminantes.<\/p>","protected":false},"excerpt":{"rendered":"<p>La m\u00e1quina de limpieza l\u00e1ser de pulso de 200w es una potente herramienta l\u00e1ser. Utiliza un rayo l\u00e1ser para calentar y evaporar las capas superficiales de los materiales para eliminar \u00f3xido, pintura y otros contaminantes.<\/p>","protected":false},"featured_media":4975,"comment_status":"open","ping_status":"closed","template":"","meta":{"_acf_changed":false},"product_brand":[],"product_cat":[100,92],"product_tag":[],"class_list":{"0":"post-11848","1":"product","2":"type-product","3":"status-publish","4":"has-post-thumbnail","6":"product_cat-laser-cleaning-machine","7":"product_cat-laser-cleaning-machine-power","9":"first","10":"instock","11":"shipping-taxable","12":"purchasable","13":"product-type-variable"},"acf":[],"_links":{"self":[{"href":"https:\/\/www.accteklaser.com\/es\/wp-json\/wp\/v2\/product\/11848","targetHints":{"allow":["GET"]}}],"collection":[{"href":"https:\/\/www.accteklaser.com\/es\/wp-json\/wp\/v2\/product"}],"about":[{"href":"https:\/\/www.accteklaser.com\/es\/wp-json\/wp\/v2\/types\/product"}],"replies":[{"embeddable":true,"href":"https:\/\/www.accteklaser.com\/es\/wp-json\/wp\/v2\/comments?post=11848"}],"wp:featuredmedia":[{"embeddable":true,"href":"https:\/\/www.accteklaser.com\/es\/wp-json\/wp\/v2\/media\/4975"}],"wp:attachment":[{"href":"https:\/\/www.accteklaser.com\/es\/wp-json\/wp\/v2\/media?parent=11848"}],"wp:term":[{"taxonomy":"product_brand","embeddable":true,"href":"https:\/\/www.accteklaser.com\/es\/wp-json\/wp\/v2\/product_brand?post=11848"},{"taxonomy":"product_cat","embeddable":true,"href":"https:\/\/www.accteklaser.com\/es\/wp-json\/wp\/v2\/product_cat?post=11848"},{"taxonomy":"product_tag","embeddable":true,"href":"https:\/\/www.accteklaser.com\/es\/wp-json\/wp\/v2\/product_tag?post=11848"}],"curies":[{"name":"gracias","href":"https:\/\/api.w.org\/{rel}","templated":true}]}}