{"id":11899,"date":"2024-04-18T17:00:31","date_gmt":"2024-04-18T09:00:31","guid":{"rendered":"https:\/\/chinacncparts.com\/?post_type=product&#038;p=11899"},"modified":"2026-05-15T09:29:23","modified_gmt":"2026-05-15T01:29:23","slug":"maquina-de-soldadura-laser-de-laton","status":"publish","type":"product","link":"https:\/\/www.accteklaser.com\/es\/product\/brass-laser-welding-machine\/","title":{"rendered":"M\u00e1quina de soldadura l\u00e1ser de lat\u00f3n"},"content":{"rendered":"<p>La m\u00e1quina de soldadura l\u00e1ser de lat\u00f3n es una herramienta de soldadura especial que utiliza tecnolog\u00eda l\u00e1ser para unir piezas de lat\u00f3n. Ajusta la configuraci\u00f3n de soldadura seg\u00fan las propiedades del material para optimizar el proceso de soldadura.<\/p>","protected":false},"excerpt":{"rendered":"<p>La m\u00e1quina de soldadura l\u00e1ser de lat\u00f3n es una herramienta de soldadura especial que utiliza tecnolog\u00eda l\u00e1ser para unir piezas de lat\u00f3n. Ajusta la configuraci\u00f3n de soldadura seg\u00fan las propiedades del material para optimizar el proceso de soldadura.<\/p>","protected":false},"featured_media":30575,"comment_status":"open","ping_status":"closed","template":"","meta":{"_acf_changed":false},"product_brand":[],"product_cat":[102,93],"product_tag":[],"class_list":{"0":"post-11899","1":"product","2":"type-product","3":"status-publish","4":"has-post-thumbnail","6":"product_cat-laser-welding-machine","7":"product_cat-laser-welding-machine-material","9":"first","10":"instock","11":"shipping-taxable","12":"purchasable","13":"product-type-variable"},"acf":[],"_links":{"self":[{"href":"https:\/\/www.accteklaser.com\/es\/wp-json\/wp\/v2\/product\/11899","targetHints":{"allow":["GET"]}}],"collection":[{"href":"https:\/\/www.accteklaser.com\/es\/wp-json\/wp\/v2\/product"}],"about":[{"href":"https:\/\/www.accteklaser.com\/es\/wp-json\/wp\/v2\/types\/product"}],"replies":[{"embeddable":true,"href":"https:\/\/www.accteklaser.com\/es\/wp-json\/wp\/v2\/comments?post=11899"}],"wp:featuredmedia":[{"embeddable":true,"href":"https:\/\/www.accteklaser.com\/es\/wp-json\/wp\/v2\/media\/30575"}],"wp:attachment":[{"href":"https:\/\/www.accteklaser.com\/es\/wp-json\/wp\/v2\/media?parent=11899"}],"wp:term":[{"taxonomy":"product_brand","embeddable":true,"href":"https:\/\/www.accteklaser.com\/es\/wp-json\/wp\/v2\/product_brand?post=11899"},{"taxonomy":"product_cat","embeddable":true,"href":"https:\/\/www.accteklaser.com\/es\/wp-json\/wp\/v2\/product_cat?post=11899"},{"taxonomy":"product_tag","embeddable":true,"href":"https:\/\/www.accteklaser.com\/es\/wp-json\/wp\/v2\/product_tag?post=11899"}],"curies":[{"name":"gracias","href":"https:\/\/api.w.org\/{rel}","templated":true}]}}