{"id":11026,"date":"2024-03-21T10:52:31","date_gmt":"2024-03-21T02:52:31","guid":{"rendered":"https:\/\/chinacncparts.com\/?post_type=product&#038;p=11026"},"modified":"2025-09-26T17:44:03","modified_gmt":"2025-09-26T09:44:03","slug":"machine-de-decoupe-laser-akj-fbc","status":"publish","type":"product","link":"https:\/\/www.accteklaser.com\/fr\/product\/akj-fbc-laser-cutting-machine\/","title":{"rendered":"Machine de d\u00e9coupe laser AKJ-FBC"},"content":{"rendered":"<p>La machine de d\u00e9coupe laser AKJ-FBC est une machine de d\u00e9coupe laser \u00e0 fibre avec une table de travail d&#039;\u00e9change et un capot de protection enti\u00e8rement ferm\u00e9. Il peut aider les utilisateurs \u00e0 r\u00e9duire les temps d&#039;arr\u00eat caus\u00e9s par la finition des pi\u00e8ces.<\/p>","protected":false},"excerpt":{"rendered":"<p>La machine de d\u00e9coupe laser AKJ-FBC est une machine de d\u00e9coupe laser \u00e0 fibre avec une table de travail d&#039;\u00e9change et un capot de protection enti\u00e8rement ferm\u00e9. Il peut aider les utilisateurs \u00e0 r\u00e9duire les temps d&#039;arr\u00eat caus\u00e9s par la finition des pi\u00e8ces.<\/p>","protected":false},"featured_media":2293,"comment_status":"open","ping_status":"closed","template":"","meta":{"_acf_changed":false},"product_brand":[],"product_cat":[99,66,103,108],"product_tag":[],"class_list":{"0":"post-11026","1":"product","2":"type-product","3":"status-publish","4":"has-post-thumbnail","6":"product_cat-laser-cutting-machine","7":"product_cat-akj-fbc-laser-cutting-machine","8":"product_cat-fiber-laser-cutting-machine","9":"product_cat-sheet-laser-cutting-machine","11":"first","12":"instock","13":"shipping-taxable","14":"purchasable","15":"product-type-variable"},"acf":[],"_links":{"self":[{"href":"https:\/\/www.accteklaser.com\/fr\/wp-json\/wp\/v2\/product\/11026","targetHints":{"allow":["GET"]}}],"collection":[{"href":"https:\/\/www.accteklaser.com\/fr\/wp-json\/wp\/v2\/product"}],"about":[{"href":"https:\/\/www.accteklaser.com\/fr\/wp-json\/wp\/v2\/types\/product"}],"replies":[{"embeddable":true,"href":"https:\/\/www.accteklaser.com\/fr\/wp-json\/wp\/v2\/comments?post=11026"}],"wp:featuredmedia":[{"embeddable":true,"href":"https:\/\/www.accteklaser.com\/fr\/wp-json\/wp\/v2\/media\/2293"}],"wp:attachment":[{"href":"https:\/\/www.accteklaser.com\/fr\/wp-json\/wp\/v2\/media?parent=11026"}],"wp:term":[{"taxonomy":"product_brand","embeddable":true,"href":"https:\/\/www.accteklaser.com\/fr\/wp-json\/wp\/v2\/product_brand?post=11026"},{"taxonomy":"product_cat","embeddable":true,"href":"https:\/\/www.accteklaser.com\/fr\/wp-json\/wp\/v2\/product_cat?post=11026"},{"taxonomy":"product_tag","embeddable":true,"href":"https:\/\/www.accteklaser.com\/fr\/wp-json\/wp\/v2\/product_tag?post=11026"}],"curies":[{"name":"wp","href":"https:\/\/api.w.org\/{rel}","templated":true}]}}