{"id":11899,"date":"2024-04-18T17:00:31","date_gmt":"2024-04-18T09:00:31","guid":{"rendered":"https:\/\/chinacncparts.com\/?post_type=product&#038;p=11899"},"modified":"2026-03-06T09:23:23","modified_gmt":"2026-03-06T01:23:23","slug":"machine-de-soudage-laser-en-laiton","status":"publish","type":"product","link":"https:\/\/www.accteklaser.com\/fr\/product\/brass-laser-welding-machine\/","title":{"rendered":"Machine de soudage laser en laiton"},"content":{"rendered":"<p>La machine de soudage laser pour laiton est un outil de soudage sp\u00e9cial qui utilise la technologie laser pour assembler des pi\u00e8ces en laiton. Il ajuste les param\u00e8tres de soudage en fonction des propri\u00e9t\u00e9s du mat\u00e9riau pour optimiser le processus de soudage.<\/p>","protected":false},"excerpt":{"rendered":"<p>La machine de soudage laser pour laiton est un outil de soudage sp\u00e9cial qui utilise la technologie laser pour assembler des pi\u00e8ces en laiton. Il ajuste les param\u00e8tres de soudage en fonction des propri\u00e9t\u00e9s du mat\u00e9riau pour optimiser le processus de soudage.<\/p>","protected":false},"featured_media":30575,"comment_status":"open","ping_status":"closed","template":"","meta":{"_acf_changed":false},"product_brand":[],"product_cat":[102,93],"product_tag":[],"class_list":{"0":"post-11899","1":"product","2":"type-product","3":"status-publish","4":"has-post-thumbnail","6":"product_cat-laser-welding-machine","7":"product_cat-laser-welding-machine-material","9":"first","10":"instock","11":"shipping-taxable","12":"purchasable","13":"product-type-variable"},"acf":[],"_links":{"self":[{"href":"https:\/\/www.accteklaser.com\/fr\/wp-json\/wp\/v2\/product\/11899","targetHints":{"allow":["GET"]}}],"collection":[{"href":"https:\/\/www.accteklaser.com\/fr\/wp-json\/wp\/v2\/product"}],"about":[{"href":"https:\/\/www.accteklaser.com\/fr\/wp-json\/wp\/v2\/types\/product"}],"replies":[{"embeddable":true,"href":"https:\/\/www.accteklaser.com\/fr\/wp-json\/wp\/v2\/comments?post=11899"}],"wp:featuredmedia":[{"embeddable":true,"href":"https:\/\/www.accteklaser.com\/fr\/wp-json\/wp\/v2\/media\/30575"}],"wp:attachment":[{"href":"https:\/\/www.accteklaser.com\/fr\/wp-json\/wp\/v2\/media?parent=11899"}],"wp:term":[{"taxonomy":"product_brand","embeddable":true,"href":"https:\/\/www.accteklaser.com\/fr\/wp-json\/wp\/v2\/product_brand?post=11899"},{"taxonomy":"product_cat","embeddable":true,"href":"https:\/\/www.accteklaser.com\/fr\/wp-json\/wp\/v2\/product_cat?post=11899"},{"taxonomy":"product_tag","embeddable":true,"href":"https:\/\/www.accteklaser.com\/fr\/wp-json\/wp\/v2\/product_tag?post=11899"}],"curies":[{"name":"wp","href":"https:\/\/api.w.org\/{rel}","templated":true}]}}