{"id":12073,"date":"2024-05-06T17:29:38","date_gmt":"2024-05-06T09:29:38","guid":{"rendered":"https:\/\/chinacncparts.com\/?post_type=product&#038;p=12073"},"modified":"2025-09-24T11:09:01","modified_gmt":"2025-09-24T03:09:01","slug":"machine-de-decoupe-laser-en-polypropylene","status":"publish","type":"product","link":"https:\/\/www.accteklaser.com\/fr\/product\/polypropylene-laser-cutting-machine\/","title":{"rendered":"Machine de d\u00e9coupe laser en polypropyl\u00e8ne"},"content":{"rendered":"<p>La machine de d\u00e9coupe laser polypropyl\u00e8ne est un \u00e9quipement sp\u00e9cialement con\u00e7u pour d\u00e9couper des feuilles de polypropyl\u00e8ne ou d&#039;autres formes de polypropyl\u00e8ne gr\u00e2ce \u00e0 la technologie laser.<\/p>","protected":false},"excerpt":{"rendered":"<p>La machine de d\u00e9coupe laser polypropyl\u00e8ne est un \u00e9quipement sp\u00e9cialement con\u00e7u pour d\u00e9couper des feuilles de polypropyl\u00e8ne ou d&#039;autres formes de polypropyl\u00e8ne gr\u00e2ce \u00e0 la technologie laser.<\/p>","protected":false},"featured_media":7116,"comment_status":"open","ping_status":"closed","template":"","meta":{"_acf_changed":false},"product_brand":[],"product_cat":[99,95,97],"product_tag":[],"class_list":{"0":"post-12073","1":"product","2":"type-product","3":"status-publish","4":"has-post-thumbnail","6":"product_cat-laser-cutting-machine","7":"product_cat-non-metal-laser-cutting-machine","8":"product_cat-plastic-laser-cutting-machine","10":"first","11":"instock","12":"shipping-taxable","13":"purchasable","14":"product-type-variable"},"acf":[],"_links":{"self":[{"href":"https:\/\/www.accteklaser.com\/fr\/wp-json\/wp\/v2\/product\/12073","targetHints":{"allow":["GET"]}}],"collection":[{"href":"https:\/\/www.accteklaser.com\/fr\/wp-json\/wp\/v2\/product"}],"about":[{"href":"https:\/\/www.accteklaser.com\/fr\/wp-json\/wp\/v2\/types\/product"}],"replies":[{"embeddable":true,"href":"https:\/\/www.accteklaser.com\/fr\/wp-json\/wp\/v2\/comments?post=12073"}],"wp:featuredmedia":[{"embeddable":true,"href":"https:\/\/www.accteklaser.com\/fr\/wp-json\/wp\/v2\/media\/7116"}],"wp:attachment":[{"href":"https:\/\/www.accteklaser.com\/fr\/wp-json\/wp\/v2\/media?parent=12073"}],"wp:term":[{"taxonomy":"product_brand","embeddable":true,"href":"https:\/\/www.accteklaser.com\/fr\/wp-json\/wp\/v2\/product_brand?post=12073"},{"taxonomy":"product_cat","embeddable":true,"href":"https:\/\/www.accteklaser.com\/fr\/wp-json\/wp\/v2\/product_cat?post=12073"},{"taxonomy":"product_tag","embeddable":true,"href":"https:\/\/www.accteklaser.com\/fr\/wp-json\/wp\/v2\/product_tag?post=12073"}],"curies":[{"name":"wp","href":"https:\/\/api.w.org\/{rel}","templated":true}]}}