{"id":29744,"date":"2025-01-17T10:48:05","date_gmt":"2025-01-17T02:48:05","guid":{"rendered":"https:\/\/www.accteklaser.com\/?post_type=product&#038;p=29744"},"modified":"2025-09-24T11:01:10","modified_gmt":"2025-09-24T03:01:10","slug":"machine-de-decoupe-laser-dalliage-de-nickel","status":"publish","type":"product","link":"https:\/\/www.accteklaser.com\/fr\/product\/nickel-alloy-laser-cutting-machine\/","title":{"rendered":"Machine de d\u00e9coupe laser d&#039;alliage de nickel"},"content":{"rendered":"<p>Les machines de d\u00e9coupe laser en alliage de nickel sont con\u00e7ues pour traiter avec pr\u00e9cision des m\u00e9taux durs et r\u00e9sistants \u00e0 la corrosion, garantissant des r\u00e9sultats efficaces et de haute qualit\u00e9 pour des applications complexes.<\/p>","protected":false},"excerpt":{"rendered":"<p>Les machines de d\u00e9coupe laser en alliage de nickel sont con\u00e7ues pour traiter avec pr\u00e9cision des m\u00e9taux durs et r\u00e9sistants \u00e0 la corrosion, garantissant des r\u00e9sultats efficaces et de haute qualit\u00e9 pour des applications complexes.<\/p>","protected":false},"featured_media":29773,"comment_status":"open","ping_status":"closed","template":"","meta":{"_acf_changed":false},"product_brand":[],"product_cat":[99,94],"product_tag":[],"class_list":{"0":"post-29744","1":"product","2":"type-product","3":"status-publish","4":"has-post-thumbnail","6":"product_cat-laser-cutting-machine","7":"product_cat-laser-cutting-machine-material","9":"first","10":"instock","11":"shipping-taxable","12":"purchasable","13":"product-type-variable"},"acf":[],"_links":{"self":[{"href":"https:\/\/www.accteklaser.com\/fr\/wp-json\/wp\/v2\/product\/29744","targetHints":{"allow":["GET"]}}],"collection":[{"href":"https:\/\/www.accteklaser.com\/fr\/wp-json\/wp\/v2\/product"}],"about":[{"href":"https:\/\/www.accteklaser.com\/fr\/wp-json\/wp\/v2\/types\/product"}],"replies":[{"embeddable":true,"href":"https:\/\/www.accteklaser.com\/fr\/wp-json\/wp\/v2\/comments?post=29744"}],"wp:featuredmedia":[{"embeddable":true,"href":"https:\/\/www.accteklaser.com\/fr\/wp-json\/wp\/v2\/media\/29773"}],"wp:attachment":[{"href":"https:\/\/www.accteklaser.com\/fr\/wp-json\/wp\/v2\/media?parent=29744"}],"wp:term":[{"taxonomy":"product_brand","embeddable":true,"href":"https:\/\/www.accteklaser.com\/fr\/wp-json\/wp\/v2\/product_brand?post=29744"},{"taxonomy":"product_cat","embeddable":true,"href":"https:\/\/www.accteklaser.com\/fr\/wp-json\/wp\/v2\/product_cat?post=29744"},{"taxonomy":"product_tag","embeddable":true,"href":"https:\/\/www.accteklaser.com\/fr\/wp-json\/wp\/v2\/product_tag?post=29744"}],"curies":[{"name":"wp","href":"https:\/\/api.w.org\/{rel}","templated":true}]}}