{"id":32845,"date":"2025-11-05T12:01:24","date_gmt":"2025-11-05T04:01:24","guid":{"rendered":"https:\/\/www.accteklaser.com\/?post_type=product&#038;p=32845"},"modified":"2026-02-12T11:57:27","modified_gmt":"2026-02-12T03:57:27","slug":"machine-de-decoupe-laser-a-fibre-ultra-grand-format","status":"publish","type":"product","link":"https:\/\/www.accteklaser.com\/fr\/product\/ultra-large-format-fiber-laser-cutting-machine\/","title":{"rendered":"Machine de d\u00e9coupe laser \u00e0 fibre ultra grand format"},"content":{"rendered":"<p>La machine de d\u00e9coupe laser \u00e0 fibre ultra grand format est un syst\u00e8me haute performance con\u00e7u pour d\u00e9couper des t\u00f4les de m\u00e9tal exceptionnellement grandes et \u00e9paisses avec pr\u00e9cision, rapidit\u00e9 et efficacit\u00e9.<\/p>","protected":false},"excerpt":{"rendered":"<p>La machine de d\u00e9coupe laser \u00e0 fibre ultra grand format est un syst\u00e8me haute performance con\u00e7u pour d\u00e9couper des t\u00f4les de m\u00e9tal exceptionnellement grandes et \u00e9paisses avec pr\u00e9cision, rapidit\u00e9 et efficacit\u00e9.<\/p>","protected":false},"featured_media":32846,"comment_status":"open","ping_status":"closed","template":"","meta":{"_acf_changed":false},"product_brand":[],"product_cat":[99,103,108,183],"product_tag":[],"class_list":{"0":"post-32845","1":"product","2":"type-product","3":"status-publish","4":"has-post-thumbnail","6":"product_cat-laser-cutting-machine","7":"product_cat-fiber-laser-cutting-machine","8":"product_cat-sheet-laser-cutting-machine","9":"product_cat-ultra-large-format-laser-cutting-machine","11":"first","12":"instock","13":"shipping-taxable","14":"product-type-simple"},"acf":[],"_links":{"self":[{"href":"https:\/\/www.accteklaser.com\/fr\/wp-json\/wp\/v2\/product\/32845","targetHints":{"allow":["GET"]}}],"collection":[{"href":"https:\/\/www.accteklaser.com\/fr\/wp-json\/wp\/v2\/product"}],"about":[{"href":"https:\/\/www.accteklaser.com\/fr\/wp-json\/wp\/v2\/types\/product"}],"replies":[{"embeddable":true,"href":"https:\/\/www.accteklaser.com\/fr\/wp-json\/wp\/v2\/comments?post=32845"}],"wp:featuredmedia":[{"embeddable":true,"href":"https:\/\/www.accteklaser.com\/fr\/wp-json\/wp\/v2\/media\/32846"}],"wp:attachment":[{"href":"https:\/\/www.accteklaser.com\/fr\/wp-json\/wp\/v2\/media?parent=32845"}],"wp:term":[{"taxonomy":"product_brand","embeddable":true,"href":"https:\/\/www.accteklaser.com\/fr\/wp-json\/wp\/v2\/product_brand?post=32845"},{"taxonomy":"product_cat","embeddable":true,"href":"https:\/\/www.accteklaser.com\/fr\/wp-json\/wp\/v2\/product_cat?post=32845"},{"taxonomy":"product_tag","embeddable":true,"href":"https:\/\/www.accteklaser.com\/fr\/wp-json\/wp\/v2\/product_tag?post=32845"}],"curies":[{"name":"wp","href":"https:\/\/api.w.org\/{rel}","templated":true}]}}