{"id":33066,"date":"2025-11-20T16:10:24","date_gmt":"2025-11-20T08:10:24","guid":{"rendered":"https:\/\/www.accteklaser.com\/?post_type=product&#038;p=33066"},"modified":"2025-11-21T09:49:55","modified_gmt":"2025-11-21T01:49:55","slug":"plateforme-de-soudage-laser-automatique","status":"publish","type":"product","link":"https:\/\/www.accteklaser.com\/fr\/product\/automatic-laser-welding-platform\/","title":{"rendered":"Plateforme de soudage laser automatique"},"content":{"rendered":"<p>La plateforme de soudage laser automatique combine une source laser haute puissance, une commande CNC pr\u00e9cise et des fonctionnalit\u00e9s automatis\u00e9es pour r\u00e9aliser des soudures de haute qualit\u00e9 et r\u00e9p\u00e9tables sur une large gamme de mat\u00e9riaux m\u00e9talliques.<\/p>","protected":false},"excerpt":{"rendered":"<p>La plateforme de soudage laser automatique combine une source laser haute puissance, une commande CNC pr\u00e9cise et des fonctionnalit\u00e9s automatis\u00e9es pour r\u00e9aliser des soudures de haute qualit\u00e9 et r\u00e9p\u00e9tables sur une large gamme de mat\u00e9riaux m\u00e9talliques.<\/p>","protected":false},"featured_media":33073,"comment_status":"open","ping_status":"closed","template":"","meta":{"_acf_changed":false},"product_brand":[],"product_cat":[102,184],"product_tag":[],"class_list":{"0":"post-33066","1":"product","2":"type-product","3":"status-publish","4":"has-post-thumbnail","6":"product_cat-laser-welding-machine","7":"product_cat-8-laser-welding-machine","9":"first","10":"instock","11":"shipping-taxable","12":"product-type-simple"},"acf":[],"_links":{"self":[{"href":"https:\/\/www.accteklaser.com\/fr\/wp-json\/wp\/v2\/product\/33066","targetHints":{"allow":["GET"]}}],"collection":[{"href":"https:\/\/www.accteklaser.com\/fr\/wp-json\/wp\/v2\/product"}],"about":[{"href":"https:\/\/www.accteklaser.com\/fr\/wp-json\/wp\/v2\/types\/product"}],"replies":[{"embeddable":true,"href":"https:\/\/www.accteklaser.com\/fr\/wp-json\/wp\/v2\/comments?post=33066"}],"wp:featuredmedia":[{"embeddable":true,"href":"https:\/\/www.accteklaser.com\/fr\/wp-json\/wp\/v2\/media\/33073"}],"wp:attachment":[{"href":"https:\/\/www.accteklaser.com\/fr\/wp-json\/wp\/v2\/media?parent=33066"}],"wp:term":[{"taxonomy":"product_brand","embeddable":true,"href":"https:\/\/www.accteklaser.com\/fr\/wp-json\/wp\/v2\/product_brand?post=33066"},{"taxonomy":"product_cat","embeddable":true,"href":"https:\/\/www.accteklaser.com\/fr\/wp-json\/wp\/v2\/product_cat?post=33066"},{"taxonomy":"product_tag","embeddable":true,"href":"https:\/\/www.accteklaser.com\/fr\/wp-json\/wp\/v2\/product_tag?post=33066"}],"curies":[{"name":"wp","href":"https:\/\/api.w.org\/{rel}","templated":true}]}}