{"id":11012,"date":"2024-03-21T10:09:27","date_gmt":"2024-03-21T02:09:27","guid":{"rendered":"https:\/\/chinacncparts.com\/?post_type=product&#038;p=11012"},"modified":"2025-09-26T17:10:41","modified_gmt":"2025-09-26T09:10:41","slug":"akj-fb-lezervago-gep","status":"publish","type":"product","link":"https:\/\/www.accteklaser.com\/hu\/product\/akj-fb-laser-cutting-machine\/","title":{"rendered":"AKJ-FB l\u00e9zeres v\u00e1g\u00f3g\u00e9p"},"content":{"rendered":"<p>Az AKJ-FB l\u00e9zerv\u00e1g\u00f3 g\u00e9p teljesen z\u00e1rt l\u00e9zerpajzsgal \u00e9s porvisszanyer\u0151 \u00e9s tiszt\u00edt\u00f3 rendszerrel van felszerelve a berendez\u00e9s m\u0171k\u00f6d\u00e9se sor\u00e1n a l\u00e9zerv\u00e1g\u00e1s \u00e1ltal okozott f\u00e9nyszennyez\u00e9s \u00e9s f\u00fcstszennyez\u00e9s cs\u00f6kkent\u00e9se \u00e9rdek\u00e9ben.<\/p>","protected":false},"excerpt":{"rendered":"<p>Az AKJ-FB l\u00e9zerv\u00e1g\u00f3 g\u00e9p teljesen z\u00e1rt l\u00e9zerpajzsgal \u00e9s porvisszanyer\u0151 \u00e9s tiszt\u00edt\u00f3 rendszerrel van felszerelve a berendez\u00e9s m\u0171k\u00f6d\u00e9se sor\u00e1n a l\u00e9zerv\u00e1g\u00e1s \u00e1ltal okozott f\u00e9nyszennyez\u00e9s \u00e9s f\u00fcstszennyez\u00e9s cs\u00f6kkent\u00e9se \u00e9rdek\u00e9ben.<\/p>","protected":false},"featured_media":2292,"comment_status":"open","ping_status":"closed","template":"","meta":{"_acf_changed":false},"product_brand":[],"product_cat":[99,71,103,108],"product_tag":[],"class_list":{"0":"post-11012","1":"product","2":"type-product","3":"status-publish","4":"has-post-thumbnail","6":"product_cat-laser-cutting-machine","7":"product_cat-akj-fb-fr-laser-cutting-machine","8":"product_cat-fiber-laser-cutting-machine","9":"product_cat-sheet-laser-cutting-machine","11":"first","12":"instock","13":"shipping-taxable","14":"purchasable","15":"product-type-variable"},"acf":[],"_links":{"self":[{"href":"https:\/\/www.accteklaser.com\/hu\/wp-json\/wp\/v2\/product\/11012","targetHints":{"allow":["GET"]}}],"collection":[{"href":"https:\/\/www.accteklaser.com\/hu\/wp-json\/wp\/v2\/product"}],"about":[{"href":"https:\/\/www.accteklaser.com\/hu\/wp-json\/wp\/v2\/types\/product"}],"replies":[{"embeddable":true,"href":"https:\/\/www.accteklaser.com\/hu\/wp-json\/wp\/v2\/comments?post=11012"}],"wp:featuredmedia":[{"embeddable":true,"href":"https:\/\/www.accteklaser.com\/hu\/wp-json\/wp\/v2\/media\/2292"}],"wp:attachment":[{"href":"https:\/\/www.accteklaser.com\/hu\/wp-json\/wp\/v2\/media?parent=11012"}],"wp:term":[{"taxonomy":"product_brand","embeddable":true,"href":"https:\/\/www.accteklaser.com\/hu\/wp-json\/wp\/v2\/product_brand?post=11012"},{"taxonomy":"product_cat","embeddable":true,"href":"https:\/\/www.accteklaser.com\/hu\/wp-json\/wp\/v2\/product_cat?post=11012"},{"taxonomy":"product_tag","embeddable":true,"href":"https:\/\/www.accteklaser.com\/hu\/wp-json\/wp\/v2\/product_tag?post=11012"}],"curies":[{"name":"munkaf\u00fczet","href":"https:\/\/api.w.org\/{rel}","templated":true}]}}