{"id":11216,"date":"2024-03-26T09:24:21","date_gmt":"2024-03-26T01:24:21","guid":{"rendered":"https:\/\/chinacncparts.com\/?post_type=product&#038;p=11216"},"modified":"2026-01-08T16:53:13","modified_gmt":"2026-01-08T08:53:13","slug":"lezeres-rozsdaeltavolito-gep","status":"publish","type":"product","link":"https:\/\/www.accteklaser.com\/hu\/product\/laser-rust-removal-machine\/","title":{"rendered":"L\u00e9zeres rozsdaelt\u00e1vol\u00edt\u00f3 g\u00e9p"},"content":{"rendered":"<p>A l\u00e9zeres rozsdaelt\u00e1vol\u00edt\u00f3 g\u00e9p l\u00e9zeres technol\u00f3gi\u00e1t haszn\u00e1l a rozsda felmeleg\u00edt\u00e9s\u00e9re, aminek k\u00f6vetkezt\u00e9ben az lebomlik \u00e9s leh\u00e1mlik, \u00e9s gyorsan \u00e9s egyszer\u0171en elt\u00e1vol\u00edthat\u00f3 vele a rozsda a f\u00e9mfel\u00fcletekr\u0151l.<\/p>","protected":false},"excerpt":{"rendered":"<p>A l\u00e9zeres rozsdaelt\u00e1vol\u00edt\u00f3 g\u00e9p l\u00e9zeres technol\u00f3gi\u00e1t haszn\u00e1l a rozsda felmeleg\u00edt\u00e9s\u00e9re, aminek k\u00f6vetkezt\u00e9ben az lebomlik \u00e9s leh\u00e1mlik, \u00e9s gyorsan \u00e9s egyszer\u0171en elt\u00e1vol\u00edthat\u00f3 vele a rozsda a f\u00e9mfel\u00fcletekr\u0151l.<\/p>","protected":false},"featured_media":29872,"comment_status":"open","ping_status":"closed","template":"","meta":{"_acf_changed":false},"product_brand":[],"product_cat":[100,76],"product_tag":[],"class_list":{"0":"post-11216","1":"product","2":"type-product","3":"status-publish","4":"has-post-thumbnail","6":"product_cat-laser-cleaning-machine","7":"product_cat-4-laser-cleaning-machine","9":"first","10":"instock","11":"shipping-taxable","12":"purchasable","13":"product-type-variable"},"acf":[],"_links":{"self":[{"href":"https:\/\/www.accteklaser.com\/hu\/wp-json\/wp\/v2\/product\/11216","targetHints":{"allow":["GET"]}}],"collection":[{"href":"https:\/\/www.accteklaser.com\/hu\/wp-json\/wp\/v2\/product"}],"about":[{"href":"https:\/\/www.accteklaser.com\/hu\/wp-json\/wp\/v2\/types\/product"}],"replies":[{"embeddable":true,"href":"https:\/\/www.accteklaser.com\/hu\/wp-json\/wp\/v2\/comments?post=11216"}],"wp:featuredmedia":[{"embeddable":true,"href":"https:\/\/www.accteklaser.com\/hu\/wp-json\/wp\/v2\/media\/29872"}],"wp:attachment":[{"href":"https:\/\/www.accteklaser.com\/hu\/wp-json\/wp\/v2\/media?parent=11216"}],"wp:term":[{"taxonomy":"product_brand","embeddable":true,"href":"https:\/\/www.accteklaser.com\/hu\/wp-json\/wp\/v2\/product_brand?post=11216"},{"taxonomy":"product_cat","embeddable":true,"href":"https:\/\/www.accteklaser.com\/hu\/wp-json\/wp\/v2\/product_cat?post=11216"},{"taxonomy":"product_tag","embeddable":true,"href":"https:\/\/www.accteklaser.com\/hu\/wp-json\/wp\/v2\/product_tag?post=11216"}],"curies":[{"name":"munkaf\u00fczet","href":"https:\/\/api.w.org\/{rel}","templated":true}]}}