{"id":11238,"date":"2024-03-27T09:25:45","date_gmt":"2024-03-27T01:25:45","guid":{"rendered":"https:\/\/chinacncparts.com\/?post_type=product&#038;p=11238"},"modified":"2026-01-08T16:53:28","modified_gmt":"2026-01-08T08:53:28","slug":"hordozhato-lezeres-tisztitogep","status":"publish","type":"product","link":"https:\/\/www.accteklaser.com\/hu\/product\/portable-laser-cleaning-machine\/","title":{"rendered":"Hordozhat\u00f3 l\u00e9zeres tiszt\u00edt\u00f3g\u00e9p"},"content":{"rendered":"<p>A hordozhat\u00f3 l\u00e9zeres tiszt\u00edt\u00f3g\u00e9p er\u0151s l\u00e9zerrel k\u00f6nnyed\u00e9n elt\u00e1vol\u00edtja a szennyez\u0151d\u00e9seket, rozsd\u00e1t, fest\u00e9ket \u00e9s egy\u00e9b szennyez\u0151d\u00e9seket f\u00e9mr\u0151l, m\u0171anyagr\u00f3l \u00e9s egy\u00e9b fel\u00fcletekr\u0151l.<\/p>","protected":false},"excerpt":{"rendered":"<p>A hordozhat\u00f3 l\u00e9zeres tiszt\u00edt\u00f3g\u00e9p er\u0151s l\u00e9zerrel k\u00f6nnyed\u00e9n elt\u00e1vol\u00edtja a szennyez\u0151d\u00e9seket, rozsd\u00e1t, fest\u00e9ket \u00e9s egy\u00e9b szennyez\u0151d\u00e9seket f\u00e9mr\u0151l, m\u0171anyagr\u00f3l \u00e9s egy\u00e9b fel\u00fcletekr\u0151l.<\/p>","protected":false},"featured_media":29887,"comment_status":"open","ping_status":"closed","template":"","meta":{"_acf_changed":false},"product_brand":[],"product_cat":[100,78],"product_tag":[],"class_list":{"0":"post-11238","1":"product","2":"type-product","3":"status-publish","4":"has-post-thumbnail","6":"product_cat-laser-cleaning-machine","7":"product_cat-5-laser-cleaning-machine","9":"first","10":"instock","11":"shipping-taxable","12":"purchasable","13":"product-type-variable"},"acf":[],"_links":{"self":[{"href":"https:\/\/www.accteklaser.com\/hu\/wp-json\/wp\/v2\/product\/11238","targetHints":{"allow":["GET"]}}],"collection":[{"href":"https:\/\/www.accteklaser.com\/hu\/wp-json\/wp\/v2\/product"}],"about":[{"href":"https:\/\/www.accteklaser.com\/hu\/wp-json\/wp\/v2\/types\/product"}],"replies":[{"embeddable":true,"href":"https:\/\/www.accteklaser.com\/hu\/wp-json\/wp\/v2\/comments?post=11238"}],"wp:featuredmedia":[{"embeddable":true,"href":"https:\/\/www.accteklaser.com\/hu\/wp-json\/wp\/v2\/media\/29887"}],"wp:attachment":[{"href":"https:\/\/www.accteklaser.com\/hu\/wp-json\/wp\/v2\/media?parent=11238"}],"wp:term":[{"taxonomy":"product_brand","embeddable":true,"href":"https:\/\/www.accteklaser.com\/hu\/wp-json\/wp\/v2\/product_brand?post=11238"},{"taxonomy":"product_cat","embeddable":true,"href":"https:\/\/www.accteklaser.com\/hu\/wp-json\/wp\/v2\/product_cat?post=11238"},{"taxonomy":"product_tag","embeddable":true,"href":"https:\/\/www.accteklaser.com\/hu\/wp-json\/wp\/v2\/product_tag?post=11238"}],"curies":[{"name":"munkaf\u00fczet","href":"https:\/\/api.w.org\/{rel}","templated":true}]}}