{"id":11347,"date":"2024-03-28T15:08:49","date_gmt":"2024-03-28T07:08:49","guid":{"rendered":"https:\/\/chinacncparts.com\/?post_type=product&#038;p=11347"},"modified":"2026-03-06T09:23:25","modified_gmt":"2026-03-06T01:23:25","slug":"hordozhato-leghuteses-lezeres-hegesztogep","status":"publish","type":"product","link":"https:\/\/www.accteklaser.com\/hu\/product\/portable-air-cooled-laser-welding-machine\/","title":{"rendered":"Hordozhat\u00f3 l\u00e9gh\u0171t\u00e9ses l\u00e9zeres hegeszt\u0151g\u00e9p"},"content":{"rendered":"<p>A hordozhat\u00f3 l\u00e9gh\u0171t\u00e9ses l\u00e9zeres hegeszt\u0151g\u00e9p cs\u00facsmin\u0151s\u00e9g\u0171 l\u00e9zerhegeszt\u00e9si technol\u00f3gi\u00e1val kiv\u00e1l\u00f3 teljes\u00edtm\u00e9nyt, p\u00e1ratlan pontoss\u00e1got \u00e9s kiv\u00e9teles sokoldal\u00fas\u00e1got biztos\u00edt.<\/p>","protected":false},"excerpt":{"rendered":"<p>A hordozhat\u00f3 l\u00e9gh\u0171t\u00e9ses l\u00e9zeres hegeszt\u0151g\u00e9p cs\u00facsmin\u0151s\u00e9g\u0171 l\u00e9zerhegeszt\u00e9si technol\u00f3gi\u00e1val kiv\u00e1l\u00f3 teljes\u00edtm\u00e9nyt, p\u00e1ratlan pontoss\u00e1got \u00e9s kiv\u00e9teles sokoldal\u00fas\u00e1got biztos\u00edt.<\/p>","protected":false},"featured_media":30596,"comment_status":"open","ping_status":"closed","template":"","meta":{"_acf_changed":false},"product_brand":[],"product_cat":[102,80],"product_tag":[],"class_list":{"0":"post-11347","1":"product","2":"type-product","3":"status-publish","4":"has-post-thumbnail","6":"product_cat-laser-welding-machine","7":"product_cat-4-laser-welding-machine","9":"first","10":"instock","11":"shipping-taxable","12":"purchasable","13":"product-type-variable"},"acf":[],"_links":{"self":[{"href":"https:\/\/www.accteklaser.com\/hu\/wp-json\/wp\/v2\/product\/11347","targetHints":{"allow":["GET"]}}],"collection":[{"href":"https:\/\/www.accteklaser.com\/hu\/wp-json\/wp\/v2\/product"}],"about":[{"href":"https:\/\/www.accteklaser.com\/hu\/wp-json\/wp\/v2\/types\/product"}],"replies":[{"embeddable":true,"href":"https:\/\/www.accteklaser.com\/hu\/wp-json\/wp\/v2\/comments?post=11347"}],"wp:featuredmedia":[{"embeddable":true,"href":"https:\/\/www.accteklaser.com\/hu\/wp-json\/wp\/v2\/media\/30596"}],"wp:attachment":[{"href":"https:\/\/www.accteklaser.com\/hu\/wp-json\/wp\/v2\/media?parent=11347"}],"wp:term":[{"taxonomy":"product_brand","embeddable":true,"href":"https:\/\/www.accteklaser.com\/hu\/wp-json\/wp\/v2\/product_brand?post=11347"},{"taxonomy":"product_cat","embeddable":true,"href":"https:\/\/www.accteklaser.com\/hu\/wp-json\/wp\/v2\/product_cat?post=11347"},{"taxonomy":"product_tag","embeddable":true,"href":"https:\/\/www.accteklaser.com\/hu\/wp-json\/wp\/v2\/product_tag?post=11347"}],"curies":[{"name":"munkaf\u00fczet","href":"https:\/\/api.w.org\/{rel}","templated":true}]}}