{"id":11691,"date":"2024-04-08T11:25:18","date_gmt":"2024-04-08T03:25:18","guid":{"rendered":"https:\/\/chinacncparts.com\/?post_type=product&#038;p=11691"},"modified":"2025-09-29T09:05:59","modified_gmt":"2025-09-29T01:05:59","slug":"20-kw-os-lezervago-gep","status":"publish","type":"product","link":"https:\/\/www.accteklaser.com\/hu\/product\/20kw-laser-cutting-machine\/","title":{"rendered":"20 kW-os l\u00e9zeres v\u00e1g\u00f3g\u00e9p"},"content":{"rendered":"<p>A 20 kW-os l\u00e9zerv\u00e1g\u00f3 g\u00e9p nagy sebess\u00e9g\u0171, prec\u00edz v\u00e1g\u00e1st k\u00edn\u00e1l f\u00e9mek sz\u00e9les sk\u00e1l\u00e1j\u00e1hoz, bele\u00e9rtve a vastag \u00e9s v\u00e9kony anyagokat is. Kiv\u00e1l\u00f3 \u00e9lmin\u0151s\u00e9get, nagy hat\u00e9konys\u00e1got \u00e9s cs\u00f6kkentett feldolgoz\u00e1si id\u0151t biztos\u00edt.<\/p>","protected":false},"excerpt":{"rendered":"<p>A 20 kW-os l\u00e9zerv\u00e1g\u00f3 g\u00e9p nagy sebess\u00e9g\u0171, prec\u00edz v\u00e1g\u00e1st k\u00edn\u00e1l f\u00e9mek sz\u00e9les sk\u00e1l\u00e1j\u00e1hoz, bele\u00e9rtve a vastag \u00e9s v\u00e9kony anyagokat is. Kiv\u00e1l\u00f3 \u00e9lmin\u0151s\u00e9get, nagy hat\u00e9konys\u00e1got \u00e9s cs\u00f6kkentett feldolgoz\u00e1si id\u0151t biztos\u00edt.<\/p>","protected":false},"featured_media":4806,"comment_status":"open","ping_status":"closed","template":"","meta":{"_acf_changed":false},"product_brand":[],"product_cat":[99,89],"product_tag":[],"class_list":{"0":"post-11691","1":"product","2":"type-product","3":"status-publish","4":"has-post-thumbnail","6":"product_cat-laser-cutting-machine","7":"product_cat-laser-cutting-machine-power","9":"first","10":"instock","11":"shipping-taxable","12":"purchasable","13":"product-type-variable"},"acf":[],"_links":{"self":[{"href":"https:\/\/www.accteklaser.com\/hu\/wp-json\/wp\/v2\/product\/11691","targetHints":{"allow":["GET"]}}],"collection":[{"href":"https:\/\/www.accteklaser.com\/hu\/wp-json\/wp\/v2\/product"}],"about":[{"href":"https:\/\/www.accteklaser.com\/hu\/wp-json\/wp\/v2\/types\/product"}],"replies":[{"embeddable":true,"href":"https:\/\/www.accteklaser.com\/hu\/wp-json\/wp\/v2\/comments?post=11691"}],"wp:featuredmedia":[{"embeddable":true,"href":"https:\/\/www.accteklaser.com\/hu\/wp-json\/wp\/v2\/media\/4806"}],"wp:attachment":[{"href":"https:\/\/www.accteklaser.com\/hu\/wp-json\/wp\/v2\/media?parent=11691"}],"wp:term":[{"taxonomy":"product_brand","embeddable":true,"href":"https:\/\/www.accteklaser.com\/hu\/wp-json\/wp\/v2\/product_brand?post=11691"},{"taxonomy":"product_cat","embeddable":true,"href":"https:\/\/www.accteklaser.com\/hu\/wp-json\/wp\/v2\/product_cat?post=11691"},{"taxonomy":"product_tag","embeddable":true,"href":"https:\/\/www.accteklaser.com\/hu\/wp-json\/wp\/v2\/product_tag?post=11691"}],"curies":[{"name":"munkaf\u00fczet","href":"https:\/\/api.w.org\/{rel}","templated":true}]}}