{"id":11692,"date":"2024-04-08T14:22:36","date_gmt":"2024-04-08T06:22:36","guid":{"rendered":"https:\/\/chinacncparts.com\/?post_type=product&#038;p=11692"},"modified":"2025-09-29T09:09:16","modified_gmt":"2025-09-29T01:09:16","slug":"30-kw-os-lezervago-gep","status":"publish","type":"product","link":"https:\/\/www.accteklaser.com\/hu\/product\/30kw-laser-cutting-machine\/","title":{"rendered":"30 kW-os l\u00e9zeres v\u00e1g\u00f3g\u00e9p"},"content":{"rendered":"<p>A 30 kW-os l\u00e9zerv\u00e1g\u00f3 g\u00e9p egy er\u0151s ipari v\u00e1g\u00f3szersz\u00e1m, amely nagy intenzit\u00e1s\u00fa l\u00e9zersugarat haszn\u00e1l vastag vagy s\u0171r\u0171 anyagok, p\u00e9ld\u00e1ul ac\u00e9l, alum\u00ednium \u00e9s m\u00e1s f\u00e9mek v\u00e1g\u00e1s\u00e1ra.<\/p>","protected":false},"excerpt":{"rendered":"<p>A 30 kW-os l\u00e9zerv\u00e1g\u00f3 g\u00e9p egy er\u0151s ipari v\u00e1g\u00f3szersz\u00e1m, amely nagy intenzit\u00e1s\u00fa l\u00e9zersugarat haszn\u00e1l vastag vagy s\u0171r\u0171 anyagok, p\u00e9ld\u00e1ul ac\u00e9l, alum\u00ednium \u00e9s m\u00e1s f\u00e9mek v\u00e1g\u00e1s\u00e1ra.<\/p>","protected":false},"featured_media":4825,"comment_status":"open","ping_status":"closed","template":"","meta":{"_acf_changed":false},"product_brand":[],"product_cat":[99,89],"product_tag":[],"class_list":{"0":"post-11692","1":"product","2":"type-product","3":"status-publish","4":"has-post-thumbnail","6":"product_cat-laser-cutting-machine","7":"product_cat-laser-cutting-machine-power","9":"first","10":"instock","11":"shipping-taxable","12":"purchasable","13":"product-type-variable"},"acf":[],"_links":{"self":[{"href":"https:\/\/www.accteklaser.com\/hu\/wp-json\/wp\/v2\/product\/11692","targetHints":{"allow":["GET"]}}],"collection":[{"href":"https:\/\/www.accteklaser.com\/hu\/wp-json\/wp\/v2\/product"}],"about":[{"href":"https:\/\/www.accteklaser.com\/hu\/wp-json\/wp\/v2\/types\/product"}],"replies":[{"embeddable":true,"href":"https:\/\/www.accteklaser.com\/hu\/wp-json\/wp\/v2\/comments?post=11692"}],"wp:featuredmedia":[{"embeddable":true,"href":"https:\/\/www.accteklaser.com\/hu\/wp-json\/wp\/v2\/media\/4825"}],"wp:attachment":[{"href":"https:\/\/www.accteklaser.com\/hu\/wp-json\/wp\/v2\/media?parent=11692"}],"wp:term":[{"taxonomy":"product_brand","embeddable":true,"href":"https:\/\/www.accteklaser.com\/hu\/wp-json\/wp\/v2\/product_brand?post=11692"},{"taxonomy":"product_cat","embeddable":true,"href":"https:\/\/www.accteklaser.com\/hu\/wp-json\/wp\/v2\/product_cat?post=11692"},{"taxonomy":"product_tag","embeddable":true,"href":"https:\/\/www.accteklaser.com\/hu\/wp-json\/wp\/v2\/product_tag?post=11692"}],"curies":[{"name":"munkaf\u00fczet","href":"https:\/\/api.w.org\/{rel}","templated":true}]}}