{"id":12032,"date":"2024-04-25T15:09:22","date_gmt":"2024-04-25T07:09:22","guid":{"rendered":"https:\/\/chinacncparts.com\/?post_type=product&#038;p=12032"},"modified":"2025-09-29T09:19:04","modified_gmt":"2025-09-29T01:19:04","slug":"aluminium-lezervago-gep","status":"publish","type":"product","link":"https:\/\/www.accteklaser.com\/hu\/product\/aluminum-laser-cutting-machine\/","title":{"rendered":"Alum\u00ednium l\u00e9zeres v\u00e1g\u00f3g\u00e9p"},"content":{"rendered":"<p>Az alum\u00ednium l\u00e9zerv\u00e1g\u00f3 g\u00e9p prec\u00edz, nagy sebess\u00e9g\u0171 v\u00e1g\u00e1st k\u00edn\u00e1l alum\u00edniumhoz \u00e9s \u00f6tv\u00f6zetekhez, tiszta \u00e9leket \u00e9s kiv\u00e1l\u00f3 hat\u00e9konys\u00e1got biztos\u00edt k\u00fcl\u00f6nf\u00e9le ipari alkalmaz\u00e1sokhoz.<\/p>","protected":false},"excerpt":{"rendered":"<p>Az alum\u00ednium l\u00e9zerv\u00e1g\u00f3 g\u00e9p prec\u00edz, nagy sebess\u00e9g\u0171 v\u00e1g\u00e1st k\u00edn\u00e1l alum\u00edniumhoz \u00e9s \u00f6tv\u00f6zetekhez, tiszta \u00e9leket \u00e9s kiv\u00e1l\u00f3 hat\u00e9konys\u00e1got biztos\u00edt k\u00fcl\u00f6nf\u00e9le ipari alkalmaz\u00e1sokhoz.<\/p>","protected":false},"featured_media":7371,"comment_status":"open","ping_status":"closed","template":"","meta":{"_acf_changed":false},"product_brand":[],"product_cat":[99,94],"product_tag":[],"class_list":{"0":"post-12032","1":"product","2":"type-product","3":"status-publish","4":"has-post-thumbnail","6":"product_cat-laser-cutting-machine","7":"product_cat-laser-cutting-machine-material","9":"first","10":"instock","11":"shipping-taxable","12":"purchasable","13":"product-type-variable"},"acf":[],"_links":{"self":[{"href":"https:\/\/www.accteklaser.com\/hu\/wp-json\/wp\/v2\/product\/12032","targetHints":{"allow":["GET"]}}],"collection":[{"href":"https:\/\/www.accteklaser.com\/hu\/wp-json\/wp\/v2\/product"}],"about":[{"href":"https:\/\/www.accteklaser.com\/hu\/wp-json\/wp\/v2\/types\/product"}],"replies":[{"embeddable":true,"href":"https:\/\/www.accteklaser.com\/hu\/wp-json\/wp\/v2\/comments?post=12032"}],"wp:featuredmedia":[{"embeddable":true,"href":"https:\/\/www.accteklaser.com\/hu\/wp-json\/wp\/v2\/media\/7371"}],"wp:attachment":[{"href":"https:\/\/www.accteklaser.com\/hu\/wp-json\/wp\/v2\/media?parent=12032"}],"wp:term":[{"taxonomy":"product_brand","embeddable":true,"href":"https:\/\/www.accteklaser.com\/hu\/wp-json\/wp\/v2\/product_brand?post=12032"},{"taxonomy":"product_cat","embeddable":true,"href":"https:\/\/www.accteklaser.com\/hu\/wp-json\/wp\/v2\/product_cat?post=12032"},{"taxonomy":"product_tag","embeddable":true,"href":"https:\/\/www.accteklaser.com\/hu\/wp-json\/wp\/v2\/product_tag?post=12032"}],"curies":[{"name":"munkaf\u00fczet","href":"https:\/\/api.w.org\/{rel}","templated":true}]}}