{"id":32365,"date":"2024-03-27T10:00:24","date_gmt":"2024-03-27T02:00:24","guid":{"rendered":"https:\/\/www.accteklaser.com\/?post_type=product&#038;p=32365"},"modified":"2026-04-17T17:35:19","modified_gmt":"2026-04-17T09:35:19","slug":"poggyasz-cw-lezeres-tisztitogep","status":"publish","type":"product","link":"https:\/\/www.accteklaser.com\/hu\/product\/luggage-cw-laser-cleaning-machine\/","title":{"rendered":"Poggy\u00e1sz CW l\u00e9zeres tiszt\u00edt\u00f3g\u00e9p"},"content":{"rendered":"<p>A CW l\u00e9zeres poggy\u00e1sztiszt\u00edt\u00f3 g\u00e9p egy hordozhat\u00f3, k\u00f6rnyezetbar\u00e1t fel\u00fclettiszt\u00edt\u00f3 megold\u00e1s, amely hat\u00e9konyan elt\u00e1vol\u00edtja a rozsd\u00e1t, a fest\u00e9ket \u00e9s a szennyez\u0151d\u00e9seket k\u00fcl\u00f6nf\u00e9le anyagokr\u00f3l, ide\u00e1lis helysz\u00edni ipari \u00e9s karbantart\u00e1si alkalmaz\u00e1sokhoz.<\/p>","protected":false},"excerpt":{"rendered":"<p>A CW l\u00e9zeres poggy\u00e1sztiszt\u00edt\u00f3 g\u00e9p egy hordozhat\u00f3, k\u00f6rnyezetbar\u00e1t fel\u00fclettiszt\u00edt\u00f3 megold\u00e1s, amely hat\u00e9konyan elt\u00e1vol\u00edtja a rozsd\u00e1t, a fest\u00e9ket \u00e9s a szennyez\u0151d\u00e9seket k\u00fcl\u00f6nf\u00e9le anyagokr\u00f3l, ide\u00e1lis helysz\u00edni ipari \u00e9s karbantart\u00e1si alkalmaz\u00e1sokhoz.<\/p>","protected":false},"featured_media":32366,"comment_status":"open","ping_status":"closed","template":"","meta":{"_acf_changed":false},"product_brand":[],"product_cat":[100,76],"product_tag":[],"class_list":{"0":"post-32365","1":"product","2":"type-product","3":"status-publish","4":"has-post-thumbnail","6":"product_cat-laser-cleaning-machine","7":"product_cat-4-laser-cleaning-machine","9":"first","10":"instock","11":"shipping-taxable","12":"product-type-simple"},"acf":[],"_links":{"self":[{"href":"https:\/\/www.accteklaser.com\/hu\/wp-json\/wp\/v2\/product\/32365","targetHints":{"allow":["GET"]}}],"collection":[{"href":"https:\/\/www.accteklaser.com\/hu\/wp-json\/wp\/v2\/product"}],"about":[{"href":"https:\/\/www.accteklaser.com\/hu\/wp-json\/wp\/v2\/types\/product"}],"replies":[{"embeddable":true,"href":"https:\/\/www.accteklaser.com\/hu\/wp-json\/wp\/v2\/comments?post=32365"}],"wp:featuredmedia":[{"embeddable":true,"href":"https:\/\/www.accteklaser.com\/hu\/wp-json\/wp\/v2\/media\/32366"}],"wp:attachment":[{"href":"https:\/\/www.accteklaser.com\/hu\/wp-json\/wp\/v2\/media?parent=32365"}],"wp:term":[{"taxonomy":"product_brand","embeddable":true,"href":"https:\/\/www.accteklaser.com\/hu\/wp-json\/wp\/v2\/product_brand?post=32365"},{"taxonomy":"product_cat","embeddable":true,"href":"https:\/\/www.accteklaser.com\/hu\/wp-json\/wp\/v2\/product_cat?post=32365"},{"taxonomy":"product_tag","embeddable":true,"href":"https:\/\/www.accteklaser.com\/hu\/wp-json\/wp\/v2\/product_tag?post=32365"}],"curies":[{"name":"munkaf\u00fczet","href":"https:\/\/api.w.org\/{rel}","templated":true}]}}