{"id":33066,"date":"2025-11-20T16:10:24","date_gmt":"2025-11-20T08:10:24","guid":{"rendered":"https:\/\/www.accteklaser.com\/?post_type=product&#038;p=33066"},"modified":"2025-11-21T09:49:55","modified_gmt":"2025-11-21T01:49:55","slug":"automatikus-lezerhegeszto-platform","status":"publish","type":"product","link":"https:\/\/www.accteklaser.com\/hu\/product\/automatic-laser-welding-platform\/","title":{"rendered":"Automatikus l\u00e9zerhegeszt\u0151 platform"},"content":{"rendered":"<p>Az automatikus l\u00e9zerhegeszt\u0151 platform nagy teljes\u00edtm\u00e9ny\u0171 l\u00e9zerforr\u00e1st, prec\u00edz CNC vez\u00e9rl\u00e9st \u00e9s automatiz\u00e1lt funkci\u00f3kat \u00f6tv\u00f6z, hogy kiv\u00e1l\u00f3 min\u0151s\u00e9g\u0171, megism\u00e9telhet\u0151 hegeszt\u00e9si varratokat \u00e9rjen el a f\u00e9manyagok sz\u00e9les sk\u00e1l\u00e1j\u00e1n.<\/p>","protected":false},"excerpt":{"rendered":"<p>Az automatikus l\u00e9zerhegeszt\u0151 platform nagy teljes\u00edtm\u00e9ny\u0171 l\u00e9zerforr\u00e1st, prec\u00edz CNC vez\u00e9rl\u00e9st \u00e9s automatiz\u00e1lt funkci\u00f3kat \u00f6tv\u00f6z, hogy kiv\u00e1l\u00f3 min\u0151s\u00e9g\u0171, megism\u00e9telhet\u0151 hegeszt\u00e9si varratokat \u00e9rjen el a f\u00e9manyagok sz\u00e9les sk\u00e1l\u00e1j\u00e1n.<\/p>","protected":false},"featured_media":33073,"comment_status":"open","ping_status":"closed","template":"","meta":{"_acf_changed":false},"product_brand":[],"product_cat":[102,184],"product_tag":[],"class_list":{"0":"post-33066","1":"product","2":"type-product","3":"status-publish","4":"has-post-thumbnail","6":"product_cat-laser-welding-machine","7":"product_cat-8-laser-welding-machine","9":"first","10":"instock","11":"shipping-taxable","12":"product-type-simple"},"acf":[],"_links":{"self":[{"href":"https:\/\/www.accteklaser.com\/hu\/wp-json\/wp\/v2\/product\/33066","targetHints":{"allow":["GET"]}}],"collection":[{"href":"https:\/\/www.accteklaser.com\/hu\/wp-json\/wp\/v2\/product"}],"about":[{"href":"https:\/\/www.accteklaser.com\/hu\/wp-json\/wp\/v2\/types\/product"}],"replies":[{"embeddable":true,"href":"https:\/\/www.accteklaser.com\/hu\/wp-json\/wp\/v2\/comments?post=33066"}],"wp:featuredmedia":[{"embeddable":true,"href":"https:\/\/www.accteklaser.com\/hu\/wp-json\/wp\/v2\/media\/33073"}],"wp:attachment":[{"href":"https:\/\/www.accteklaser.com\/hu\/wp-json\/wp\/v2\/media?parent=33066"}],"wp:term":[{"taxonomy":"product_brand","embeddable":true,"href":"https:\/\/www.accteklaser.com\/hu\/wp-json\/wp\/v2\/product_brand?post=33066"},{"taxonomy":"product_cat","embeddable":true,"href":"https:\/\/www.accteklaser.com\/hu\/wp-json\/wp\/v2\/product_cat?post=33066"},{"taxonomy":"product_tag","embeddable":true,"href":"https:\/\/www.accteklaser.com\/hu\/wp-json\/wp\/v2\/product_tag?post=33066"}],"curies":[{"name":"munkaf\u00fczet","href":"https:\/\/api.w.org\/{rel}","templated":true}]}}