{"id":11216,"date":"2024-03-26T09:24:21","date_gmt":"2024-03-26T01:24:21","guid":{"rendered":"https:\/\/chinacncparts.com\/?post_type=product&#038;p=11216"},"modified":"2026-01-08T16:53:13","modified_gmt":"2026-01-08T08:53:13","slug":"laserowa-maszyna-do-usuwania-rdzy","status":"publish","type":"product","link":"https:\/\/www.accteklaser.com\/pl\/product\/laser-rust-removal-machine\/","title":{"rendered":"Laserowa maszyna do usuwania rdzy"},"content":{"rendered":"<p>Laserowa maszyna do usuwania rdzy wykorzystuje technologi\u0119 laserow\u0105 do podgrzewania rdzy, powoduj\u0105c jej rozk\u0142ad i \u0142uszczenie si\u0119, a tak\u017ce mo\u017ce by\u0107 u\u017cywana do szybkiego i \u0142atwego usuwania rdzy z powierzchni metalowych.<\/p>","protected":false},"excerpt":{"rendered":"<p>Laserowa maszyna do usuwania rdzy wykorzystuje technologi\u0119 laserow\u0105 do podgrzewania rdzy, powoduj\u0105c jej rozk\u0142ad i \u0142uszczenie si\u0119, a tak\u017ce mo\u017ce by\u0107 u\u017cywana do szybkiego i \u0142atwego usuwania rdzy z powierzchni metalowych.<\/p>","protected":false},"featured_media":29872,"comment_status":"open","ping_status":"closed","template":"","meta":{"_acf_changed":false},"product_brand":[],"product_cat":[100,76],"product_tag":[],"class_list":{"0":"post-11216","1":"product","2":"type-product","3":"status-publish","4":"has-post-thumbnail","6":"product_cat-laser-cleaning-machine","7":"product_cat-4-laser-cleaning-machine","9":"first","10":"instock","11":"shipping-taxable","12":"purchasable","13":"product-type-variable"},"acf":[],"_links":{"self":[{"href":"https:\/\/www.accteklaser.com\/pl\/wp-json\/wp\/v2\/product\/11216","targetHints":{"allow":["GET"]}}],"collection":[{"href":"https:\/\/www.accteklaser.com\/pl\/wp-json\/wp\/v2\/product"}],"about":[{"href":"https:\/\/www.accteklaser.com\/pl\/wp-json\/wp\/v2\/types\/product"}],"replies":[{"embeddable":true,"href":"https:\/\/www.accteklaser.com\/pl\/wp-json\/wp\/v2\/comments?post=11216"}],"wp:featuredmedia":[{"embeddable":true,"href":"https:\/\/www.accteklaser.com\/pl\/wp-json\/wp\/v2\/media\/29872"}],"wp:attachment":[{"href":"https:\/\/www.accteklaser.com\/pl\/wp-json\/wp\/v2\/media?parent=11216"}],"wp:term":[{"taxonomy":"product_brand","embeddable":true,"href":"https:\/\/www.accteklaser.com\/pl\/wp-json\/wp\/v2\/product_brand?post=11216"},{"taxonomy":"product_cat","embeddable":true,"href":"https:\/\/www.accteklaser.com\/pl\/wp-json\/wp\/v2\/product_cat?post=11216"},{"taxonomy":"product_tag","embeddable":true,"href":"https:\/\/www.accteklaser.com\/pl\/wp-json\/wp\/v2\/product_tag?post=11216"}],"curies":[{"name":"wp","href":"https:\/\/api.w.org\/{rel}","templated":true}]}}