{"id":11459,"date":"2024-03-29T15:47:13","date_gmt":"2024-03-29T07:47:13","guid":{"rendered":"https:\/\/chinacncparts.com\/?post_type=product&#038;p=11459"},"modified":"2025-09-24T10:12:17","modified_gmt":"2025-09-24T02:12:17","slug":"reczna-maszyna-do-znakowania-laserem-swiatlowodowym","status":"publish","type":"product","link":"https:\/\/www.accteklaser.com\/pl\/product\/handheld-fiber-laser-marking-machine\/","title":{"rendered":"R\u0119czna maszyna do znakowania laserem \u015bwiat\u0142owodowym"},"content":{"rendered":"<p>R\u0119czna maszyna do znakowania laserowego to przeno\u015bne urz\u0105dzenie, kt\u00f3re wykorzystuje wi\u0105zk\u0119 lasera do tworzenia trwa\u0142ych znak\u00f3w na r\u00f3\u017cnych materia\u0142ach, takich jak metale, tworzywa sztuczne i ceramika.<\/p>","protected":false},"excerpt":{"rendered":"<p>R\u0119czna maszyna do znakowania laserowego to przeno\u015bne urz\u0105dzenie, kt\u00f3re wykorzystuje wi\u0105zk\u0119 lasera do tworzenia trwa\u0142ych znak\u00f3w na r\u00f3\u017cnych materia\u0142ach, takich jak metale, tworzywa sztuczne i ceramika.<\/p>","protected":false},"featured_media":2219,"comment_status":"open","ping_status":"closed","template":"","meta":{"_acf_changed":false},"product_brand":[],"product_cat":[101,85,107],"product_tag":[],"class_list":{"0":"post-11459","1":"product","2":"type-product","3":"status-publish","4":"has-post-thumbnail","6":"product_cat-laser-marking-machine","7":"product_cat-5-2-laser-marking-machine","8":"product_cat-fiber-laser-marking-machine","10":"first","11":"instock","12":"shipping-taxable","13":"purchasable","14":"product-type-variable"},"acf":[],"_links":{"self":[{"href":"https:\/\/www.accteklaser.com\/pl\/wp-json\/wp\/v2\/product\/11459","targetHints":{"allow":["GET"]}}],"collection":[{"href":"https:\/\/www.accteklaser.com\/pl\/wp-json\/wp\/v2\/product"}],"about":[{"href":"https:\/\/www.accteklaser.com\/pl\/wp-json\/wp\/v2\/types\/product"}],"replies":[{"embeddable":true,"href":"https:\/\/www.accteklaser.com\/pl\/wp-json\/wp\/v2\/comments?post=11459"}],"wp:featuredmedia":[{"embeddable":true,"href":"https:\/\/www.accteklaser.com\/pl\/wp-json\/wp\/v2\/media\/2219"}],"wp:attachment":[{"href":"https:\/\/www.accteklaser.com\/pl\/wp-json\/wp\/v2\/media?parent=11459"}],"wp:term":[{"taxonomy":"product_brand","embeddable":true,"href":"https:\/\/www.accteklaser.com\/pl\/wp-json\/wp\/v2\/product_brand?post=11459"},{"taxonomy":"product_cat","embeddable":true,"href":"https:\/\/www.accteklaser.com\/pl\/wp-json\/wp\/v2\/product_cat?post=11459"},{"taxonomy":"product_tag","embeddable":true,"href":"https:\/\/www.accteklaser.com\/pl\/wp-json\/wp\/v2\/product_tag?post=11459"}],"curies":[{"name":"wp","href":"https:\/\/api.w.org\/{rel}","templated":true}]}}