{"id":12032,"date":"2024-04-25T15:09:22","date_gmt":"2024-04-25T07:09:22","guid":{"rendered":"https:\/\/chinacncparts.com\/?post_type=product&#038;p=12032"},"modified":"2025-09-29T09:19:04","modified_gmt":"2025-09-29T01:19:04","slug":"maszyna-do-ciecia-laserowego-aluminium","status":"publish","type":"product","link":"https:\/\/www.accteklaser.com\/pl\/product\/aluminum-laser-cutting-machine\/","title":{"rendered":"Laserowa maszyna do ci\u0119cia aluminium"},"content":{"rendered":"<p>Maszyna do ci\u0119cia laserowego aluminium umo\u017cliwia precyzyjne i szybkie ci\u0119cie aluminium i stop\u00f3w, zapewniaj\u0105c czyste kraw\u0119dzie i doskona\u0142\u0105 wydajno\u015b\u0107 w r\u00f3\u017cnych zastosowaniach przemys\u0142owych.<\/p>","protected":false},"excerpt":{"rendered":"<p>Maszyna do ci\u0119cia laserowego aluminium umo\u017cliwia precyzyjne i szybkie ci\u0119cie aluminium i stop\u00f3w, zapewniaj\u0105c czyste kraw\u0119dzie i doskona\u0142\u0105 wydajno\u015b\u0107 w r\u00f3\u017cnych zastosowaniach przemys\u0142owych.<\/p>","protected":false},"featured_media":7371,"comment_status":"open","ping_status":"closed","template":"","meta":{"_acf_changed":false},"product_brand":[],"product_cat":[99,94],"product_tag":[],"class_list":{"0":"post-12032","1":"product","2":"type-product","3":"status-publish","4":"has-post-thumbnail","6":"product_cat-laser-cutting-machine","7":"product_cat-laser-cutting-machine-material","9":"first","10":"instock","11":"shipping-taxable","12":"purchasable","13":"product-type-variable"},"acf":[],"_links":{"self":[{"href":"https:\/\/www.accteklaser.com\/pl\/wp-json\/wp\/v2\/product\/12032","targetHints":{"allow":["GET"]}}],"collection":[{"href":"https:\/\/www.accteklaser.com\/pl\/wp-json\/wp\/v2\/product"}],"about":[{"href":"https:\/\/www.accteklaser.com\/pl\/wp-json\/wp\/v2\/types\/product"}],"replies":[{"embeddable":true,"href":"https:\/\/www.accteklaser.com\/pl\/wp-json\/wp\/v2\/comments?post=12032"}],"wp:featuredmedia":[{"embeddable":true,"href":"https:\/\/www.accteklaser.com\/pl\/wp-json\/wp\/v2\/media\/7371"}],"wp:attachment":[{"href":"https:\/\/www.accteklaser.com\/pl\/wp-json\/wp\/v2\/media?parent=12032"}],"wp:term":[{"taxonomy":"product_brand","embeddable":true,"href":"https:\/\/www.accteklaser.com\/pl\/wp-json\/wp\/v2\/product_brand?post=12032"},{"taxonomy":"product_cat","embeddable":true,"href":"https:\/\/www.accteklaser.com\/pl\/wp-json\/wp\/v2\/product_cat?post=12032"},{"taxonomy":"product_tag","embeddable":true,"href":"https:\/\/www.accteklaser.com\/pl\/wp-json\/wp\/v2\/product_tag?post=12032"}],"curies":[{"name":"wp","href":"https:\/\/api.w.org\/{rel}","templated":true}]}}