{"id":12073,"date":"2024-05-06T17:29:38","date_gmt":"2024-05-06T09:29:38","guid":{"rendered":"https:\/\/chinacncparts.com\/?post_type=product&#038;p=12073"},"modified":"2025-09-24T11:09:01","modified_gmt":"2025-09-24T03:09:01","slug":"maszyna-do-ciecia-laserem-polipropylenu","status":"publish","type":"product","link":"https:\/\/www.accteklaser.com\/pl\/product\/polypropylene-laser-cutting-machine\/","title":{"rendered":"Maszyna do ci\u0119cia laserem polipropylenu"},"content":{"rendered":"<p>Laserowa maszyna do ci\u0119cia polipropylenu to sprz\u0119t zaprojektowany specjalnie do ci\u0119cia arkuszy polipropylenu lub innych form polipropylenu za pomoc\u0105 technologii laserowej.<\/p>","protected":false},"excerpt":{"rendered":"<p>Laserowa maszyna do ci\u0119cia polipropylenu to sprz\u0119t zaprojektowany specjalnie do ci\u0119cia arkuszy polipropylenu lub innych form polipropylenu za pomoc\u0105 technologii laserowej.<\/p>","protected":false},"featured_media":7116,"comment_status":"open","ping_status":"closed","template":"","meta":{"_acf_changed":false},"product_brand":[],"product_cat":[99,95,97],"product_tag":[],"class_list":{"0":"post-12073","1":"product","2":"type-product","3":"status-publish","4":"has-post-thumbnail","6":"product_cat-laser-cutting-machine","7":"product_cat-non-metal-laser-cutting-machine","8":"product_cat-plastic-laser-cutting-machine","10":"first","11":"instock","12":"shipping-taxable","13":"purchasable","14":"product-type-variable"},"acf":[],"_links":{"self":[{"href":"https:\/\/www.accteklaser.com\/pl\/wp-json\/wp\/v2\/product\/12073","targetHints":{"allow":["GET"]}}],"collection":[{"href":"https:\/\/www.accteklaser.com\/pl\/wp-json\/wp\/v2\/product"}],"about":[{"href":"https:\/\/www.accteklaser.com\/pl\/wp-json\/wp\/v2\/types\/product"}],"replies":[{"embeddable":true,"href":"https:\/\/www.accteklaser.com\/pl\/wp-json\/wp\/v2\/comments?post=12073"}],"wp:featuredmedia":[{"embeddable":true,"href":"https:\/\/www.accteklaser.com\/pl\/wp-json\/wp\/v2\/media\/7116"}],"wp:attachment":[{"href":"https:\/\/www.accteklaser.com\/pl\/wp-json\/wp\/v2\/media?parent=12073"}],"wp:term":[{"taxonomy":"product_brand","embeddable":true,"href":"https:\/\/www.accteklaser.com\/pl\/wp-json\/wp\/v2\/product_brand?post=12073"},{"taxonomy":"product_cat","embeddable":true,"href":"https:\/\/www.accteklaser.com\/pl\/wp-json\/wp\/v2\/product_cat?post=12073"},{"taxonomy":"product_tag","embeddable":true,"href":"https:\/\/www.accteklaser.com\/pl\/wp-json\/wp\/v2\/product_tag?post=12073"}],"curies":[{"name":"wp","href":"https:\/\/api.w.org\/{rel}","templated":true}]}}