{"id":32365,"date":"2024-03-27T10:00:24","date_gmt":"2024-03-27T02:00:24","guid":{"rendered":"https:\/\/www.accteklaser.com\/?post_type=product&#038;p=32365"},"modified":"2026-04-17T17:35:19","modified_gmt":"2026-04-17T09:35:19","slug":"maszyna-do-czyszczenia-bagazu-laserem-cw","status":"publish","type":"product","link":"https:\/\/www.accteklaser.com\/pl\/product\/luggage-cw-laser-cleaning-machine\/","title":{"rendered":"Maszyna do czyszczenia baga\u017cu laserem CW"},"content":{"rendered":"<p>Urz\u0105dzenie do czyszczenia baga\u017cu laserem CW to przeno\u015bne, przyjazne dla \u015brodowiska rozwi\u0105zanie do czyszczenia powierzchni, kt\u00f3re skutecznie usuwa rdz\u0119, farb\u0119 i zanieczyszczenia z r\u00f3\u017cnych materia\u0142\u00f3w. Idealne do zastosowa\u0144 przemys\u0142owych i konserwacyjnych na miejscu.<\/p>","protected":false},"excerpt":{"rendered":"<p>Urz\u0105dzenie do czyszczenia baga\u017cu laserem CW to przeno\u015bne, przyjazne dla \u015brodowiska rozwi\u0105zanie do czyszczenia powierzchni, kt\u00f3re skutecznie usuwa rdz\u0119, farb\u0119 i zanieczyszczenia z r\u00f3\u017cnych materia\u0142\u00f3w. Idealne do zastosowa\u0144 przemys\u0142owych i konserwacyjnych na miejscu.<\/p>","protected":false},"featured_media":32366,"comment_status":"open","ping_status":"closed","template":"","meta":{"_acf_changed":false},"product_brand":[],"product_cat":[100,76],"product_tag":[],"class_list":{"0":"post-32365","1":"product","2":"type-product","3":"status-publish","4":"has-post-thumbnail","6":"product_cat-laser-cleaning-machine","7":"product_cat-4-laser-cleaning-machine","9":"first","10":"instock","11":"shipping-taxable","12":"product-type-simple"},"acf":[],"_links":{"self":[{"href":"https:\/\/www.accteklaser.com\/pl\/wp-json\/wp\/v2\/product\/32365","targetHints":{"allow":["GET"]}}],"collection":[{"href":"https:\/\/www.accteklaser.com\/pl\/wp-json\/wp\/v2\/product"}],"about":[{"href":"https:\/\/www.accteklaser.com\/pl\/wp-json\/wp\/v2\/types\/product"}],"replies":[{"embeddable":true,"href":"https:\/\/www.accteklaser.com\/pl\/wp-json\/wp\/v2\/comments?post=32365"}],"wp:featuredmedia":[{"embeddable":true,"href":"https:\/\/www.accteklaser.com\/pl\/wp-json\/wp\/v2\/media\/32366"}],"wp:attachment":[{"href":"https:\/\/www.accteklaser.com\/pl\/wp-json\/wp\/v2\/media?parent=32365"}],"wp:term":[{"taxonomy":"product_brand","embeddable":true,"href":"https:\/\/www.accteklaser.com\/pl\/wp-json\/wp\/v2\/product_brand?post=32365"},{"taxonomy":"product_cat","embeddable":true,"href":"https:\/\/www.accteklaser.com\/pl\/wp-json\/wp\/v2\/product_cat?post=32365"},{"taxonomy":"product_tag","embeddable":true,"href":"https:\/\/www.accteklaser.com\/pl\/wp-json\/wp\/v2\/product_tag?post=32365"}],"curies":[{"name":"wp","href":"https:\/\/api.w.org\/{rel}","templated":true}]}}