{"id":11306,"date":"2024-03-28T09:48:56","date_gmt":"2024-03-28T01:48:56","guid":{"rendered":"https:\/\/chinacncparts.com\/?post_type=product&#038;p=11306"},"modified":"2025-09-25T10:44:55","modified_gmt":"2025-09-25T02:44:55","slug":"maquina-de-solda-a-laser-portatil","status":"publish","type":"product","link":"https:\/\/www.accteklaser.com\/pt\/product\/handheld-laser-welding-machine\/","title":{"rendered":"M\u00e1quina de Solda a Laser Port\u00e1til"},"content":{"rendered":"<p>A m\u00e1quina de solda a laser port\u00e1til \u00e9 uma m\u00e1quina de solda a laser de fibra de alta configura\u00e7\u00e3o que pode ser usada para soldar a\u00e7o inoxid\u00e1vel, ferro, a\u00e7o galvanizado, alum\u00ednio e outros materiais met\u00e1licos.<\/p>","protected":false},"excerpt":{"rendered":"<p>A m\u00e1quina de solda a laser port\u00e1til \u00e9 uma m\u00e1quina de solda a laser de fibra de alta configura\u00e7\u00e3o que pode ser usada para soldar a\u00e7o inoxid\u00e1vel, ferro, a\u00e7o galvanizado, alum\u00ednio e outros materiais met\u00e1licos.<\/p>","protected":false},"featured_media":30575,"comment_status":"open","ping_status":"closed","template":"","meta":{"_acf_changed":false},"product_brand":[],"product_cat":[102,84],"product_tag":[],"class_list":{"0":"post-11306","1":"product","2":"type-product","3":"status-publish","4":"has-post-thumbnail","6":"product_cat-laser-welding-machine","7":"product_cat-4-2-laser-welding-machine","9":"first","10":"instock","11":"shipping-taxable","12":"purchasable","13":"product-type-variable"},"acf":[],"_links":{"self":[{"href":"https:\/\/www.accteklaser.com\/pt\/wp-json\/wp\/v2\/product\/11306","targetHints":{"allow":["GET"]}}],"collection":[{"href":"https:\/\/www.accteklaser.com\/pt\/wp-json\/wp\/v2\/product"}],"about":[{"href":"https:\/\/www.accteklaser.com\/pt\/wp-json\/wp\/v2\/types\/product"}],"replies":[{"embeddable":true,"href":"https:\/\/www.accteklaser.com\/pt\/wp-json\/wp\/v2\/comments?post=11306"}],"wp:featuredmedia":[{"embeddable":true,"href":"https:\/\/www.accteklaser.com\/pt\/wp-json\/wp\/v2\/media\/30575"}],"wp:attachment":[{"href":"https:\/\/www.accteklaser.com\/pt\/wp-json\/wp\/v2\/media?parent=11306"}],"wp:term":[{"taxonomy":"product_brand","embeddable":true,"href":"https:\/\/www.accteklaser.com\/pt\/wp-json\/wp\/v2\/product_brand?post=11306"},{"taxonomy":"product_cat","embeddable":true,"href":"https:\/\/www.accteklaser.com\/pt\/wp-json\/wp\/v2\/product_cat?post=11306"},{"taxonomy":"product_tag","embeddable":true,"href":"https:\/\/www.accteklaser.com\/pt\/wp-json\/wp\/v2\/product_tag?post=11306"}],"curies":[{"name":"wp","href":"https:\/\/api.w.org\/{rel}","templated":true}]}}