{"id":11356,"date":"2024-03-28T15:37:20","date_gmt":"2024-03-28T07:37:20","guid":{"rendered":"https:\/\/chinacncparts.com\/?post_type=product&#038;p=11356"},"modified":"2025-11-07T11:09:32","modified_gmt":"2025-11-07T03:09:32","slug":"maquina-de-limpeza-e-corte-por-soldagem-a-laser-3-em-1","status":"publish","type":"product","link":"https:\/\/www.accteklaser.com\/pt\/product\/3-in-1-laser-welding-cutting-cleaning-machine\/","title":{"rendered":"M\u00e1quina de limpeza e corte para soldagem a laser 3 em 1"},"content":{"rendered":"<p>A m\u00e1quina port\u00e1til de limpeza e corte para soldagem a laser 3 em 1 \u00e9 composta por um gerador de laser, uma pistola laser port\u00e1til, um refrigerador de \u00e1gua e um sistema de controle 3 em 1 para soldagem, limpeza e corte a laser.<\/p>","protected":false},"excerpt":{"rendered":"<p>A m\u00e1quina port\u00e1til de limpeza e corte para soldagem a laser 3 em 1 \u00e9 composta por um gerador de laser, uma pistola laser port\u00e1til, um refrigerador de \u00e1gua e um sistema de controle 3 em 1 para soldagem, limpeza e corte a laser.<\/p>","protected":false},"featured_media":30584,"comment_status":"open","ping_status":"closed","template":"","meta":{"_acf_changed":false},"product_brand":[],"product_cat":[102,79],"product_tag":[],"class_list":{"0":"post-11356","1":"product","2":"type-product","3":"status-publish","4":"has-post-thumbnail","6":"product_cat-laser-welding-machine","7":"product_cat-5-laser-welding-machine","9":"first","10":"instock","11":"shipping-taxable","12":"purchasable","13":"product-type-variable"},"acf":[],"_links":{"self":[{"href":"https:\/\/www.accteklaser.com\/pt\/wp-json\/wp\/v2\/product\/11356","targetHints":{"allow":["GET"]}}],"collection":[{"href":"https:\/\/www.accteklaser.com\/pt\/wp-json\/wp\/v2\/product"}],"about":[{"href":"https:\/\/www.accteklaser.com\/pt\/wp-json\/wp\/v2\/types\/product"}],"replies":[{"embeddable":true,"href":"https:\/\/www.accteklaser.com\/pt\/wp-json\/wp\/v2\/comments?post=11356"}],"wp:featuredmedia":[{"embeddable":true,"href":"https:\/\/www.accteklaser.com\/pt\/wp-json\/wp\/v2\/media\/30584"}],"wp:attachment":[{"href":"https:\/\/www.accteklaser.com\/pt\/wp-json\/wp\/v2\/media?parent=11356"}],"wp:term":[{"taxonomy":"product_brand","embeddable":true,"href":"https:\/\/www.accteklaser.com\/pt\/wp-json\/wp\/v2\/product_brand?post=11356"},{"taxonomy":"product_cat","embeddable":true,"href":"https:\/\/www.accteklaser.com\/pt\/wp-json\/wp\/v2\/product_cat?post=11356"},{"taxonomy":"product_tag","embeddable":true,"href":"https:\/\/www.accteklaser.com\/pt\/wp-json\/wp\/v2\/product_tag?post=11356"}],"curies":[{"name":"wp","href":"https:\/\/api.w.org\/{rel}","templated":true}]}}