{"id":11684,"date":"2024-04-07T11:35:13","date_gmt":"2024-04-07T03:35:13","guid":{"rendered":"https:\/\/chinacncparts.com\/?post_type=product&#038;p=11684"},"modified":"2025-09-28T17:57:14","modified_gmt":"2025-09-28T09:57:14","slug":"maquina-de-corte-a-laser-4000w","status":"publish","type":"product","link":"https:\/\/www.accteklaser.com\/pt\/product\/4000w-laser-cutting-machine\/","title":{"rendered":"M\u00e1quina de corte a laser 4000W"},"content":{"rendered":"<p>A m\u00e1quina de corte a laser de 4000w oferece corte de metal preciso e de alta velocidade para v\u00e1rios materiais. Dur\u00e1vel, eficiente e equipada com recursos avan\u00e7ados para excel\u00eancia industrial.<\/p>","protected":false},"excerpt":{"rendered":"<p>A m\u00e1quina de corte a laser de 4000w oferece corte de metal preciso e de alta velocidade para v\u00e1rios materiais. Dur\u00e1vel, eficiente e equipada com recursos avan\u00e7ados para excel\u00eancia industrial.<\/p>","protected":false},"featured_media":4552,"comment_status":"open","ping_status":"closed","template":"","meta":{"_acf_changed":false},"product_brand":[],"product_cat":[99,89],"product_tag":[],"class_list":{"0":"post-11684","1":"product","2":"type-product","3":"status-publish","4":"has-post-thumbnail","6":"product_cat-laser-cutting-machine","7":"product_cat-laser-cutting-machine-power","9":"first","10":"instock","11":"shipping-taxable","12":"purchasable","13":"product-type-variable"},"acf":[],"_links":{"self":[{"href":"https:\/\/www.accteklaser.com\/pt\/wp-json\/wp\/v2\/product\/11684","targetHints":{"allow":["GET"]}}],"collection":[{"href":"https:\/\/www.accteklaser.com\/pt\/wp-json\/wp\/v2\/product"}],"about":[{"href":"https:\/\/www.accteklaser.com\/pt\/wp-json\/wp\/v2\/types\/product"}],"replies":[{"embeddable":true,"href":"https:\/\/www.accteklaser.com\/pt\/wp-json\/wp\/v2\/comments?post=11684"}],"wp:featuredmedia":[{"embeddable":true,"href":"https:\/\/www.accteklaser.com\/pt\/wp-json\/wp\/v2\/media\/4552"}],"wp:attachment":[{"href":"https:\/\/www.accteklaser.com\/pt\/wp-json\/wp\/v2\/media?parent=11684"}],"wp:term":[{"taxonomy":"product_brand","embeddable":true,"href":"https:\/\/www.accteklaser.com\/pt\/wp-json\/wp\/v2\/product_brand?post=11684"},{"taxonomy":"product_cat","embeddable":true,"href":"https:\/\/www.accteklaser.com\/pt\/wp-json\/wp\/v2\/product_cat?post=11684"},{"taxonomy":"product_tag","embeddable":true,"href":"https:\/\/www.accteklaser.com\/pt\/wp-json\/wp\/v2\/product_tag?post=11684"}],"curies":[{"name":"wp","href":"https:\/\/api.w.org\/{rel}","templated":true}]}}