{"id":11686,"date":"2024-04-07T14:09:02","date_gmt":"2024-04-07T06:09:02","guid":{"rendered":"https:\/\/chinacncparts.com\/?post_type=product&#038;p=11686"},"modified":"2025-09-28T17:58:20","modified_gmt":"2025-09-28T09:58:20","slug":"maquina-de-corte-a-laser-6000w","status":"publish","type":"product","link":"https:\/\/www.accteklaser.com\/pt\/product\/6000w-laser-cutting-machine\/","title":{"rendered":"M\u00e1quina de corte a laser 6000W"},"content":{"rendered":"<p>A m\u00e1quina de corte a laser de 6000w oferece corte preciso e de alta velocidade de v\u00e1rios metais, incluindo a\u00e7o inoxid\u00e1vel, a\u00e7o carbono e alum\u00ednio. \u00c9 muito adequada para produ\u00e7\u00e3o pesada e de alto volume.<\/p>","protected":false},"excerpt":{"rendered":"<p>A m\u00e1quina de corte a laser de 6000w oferece corte preciso e de alta velocidade de v\u00e1rios metais, incluindo a\u00e7o inoxid\u00e1vel, a\u00e7o carbono e alum\u00ednio. \u00c9 muito adequada para produ\u00e7\u00e3o pesada e de alto volume.<\/p>","protected":false},"featured_media":4621,"comment_status":"open","ping_status":"closed","template":"","meta":{"_acf_changed":false},"product_brand":[],"product_cat":[99,89],"product_tag":[],"class_list":{"0":"post-11686","1":"product","2":"type-product","3":"status-publish","4":"has-post-thumbnail","6":"product_cat-laser-cutting-machine","7":"product_cat-laser-cutting-machine-power","9":"first","10":"instock","11":"shipping-taxable","12":"purchasable","13":"product-type-variable"},"acf":[],"_links":{"self":[{"href":"https:\/\/www.accteklaser.com\/pt\/wp-json\/wp\/v2\/product\/11686","targetHints":{"allow":["GET"]}}],"collection":[{"href":"https:\/\/www.accteklaser.com\/pt\/wp-json\/wp\/v2\/product"}],"about":[{"href":"https:\/\/www.accteklaser.com\/pt\/wp-json\/wp\/v2\/types\/product"}],"replies":[{"embeddable":true,"href":"https:\/\/www.accteklaser.com\/pt\/wp-json\/wp\/v2\/comments?post=11686"}],"wp:featuredmedia":[{"embeddable":true,"href":"https:\/\/www.accteklaser.com\/pt\/wp-json\/wp\/v2\/media\/4621"}],"wp:attachment":[{"href":"https:\/\/www.accteklaser.com\/pt\/wp-json\/wp\/v2\/media?parent=11686"}],"wp:term":[{"taxonomy":"product_brand","embeddable":true,"href":"https:\/\/www.accteklaser.com\/pt\/wp-json\/wp\/v2\/product_brand?post=11686"},{"taxonomy":"product_cat","embeddable":true,"href":"https:\/\/www.accteklaser.com\/pt\/wp-json\/wp\/v2\/product_cat?post=11686"},{"taxonomy":"product_tag","embeddable":true,"href":"https:\/\/www.accteklaser.com\/pt\/wp-json\/wp\/v2\/product_tag?post=11686"}],"curies":[{"name":"wp","href":"https:\/\/api.w.org\/{rel}","templated":true}]}}